{"id":156,"date":"2021-01-25T09:24:30","date_gmt":"2021-01-25T09:24:30","guid":{"rendered":"https:\/\/wordpressriverthemes.com\/tanda\/?page_id=156"},"modified":"2026-03-02T11:13:38","modified_gmt":"2026-03-02T11:13:38","slug":"about-eps-education","status":"publish","type":"page","link":"https:\/\/physicsschool.um6p.ma\/?page_id=156","title":{"rendered":"\u00c0 propos"},"content":{"rendered":"<p>[vc_row][vc_column width=&#8221;1\/4&#8243;][vc_column_text]<\/p>\n<h2 style=\"text-align: left;\"><span style=\"color: #000080;\">Formations<\/span><\/h2>\n<h6 style=\"text-align: left;\"><span style=\"color: #3366ff;\"><a style=\"color: #3366ff;\" href=\"https:\/\/physicsschool.um6p.ma\/?page_id=156\"><u>Formation d&#8217;Ing\u00e9nieur<\/u><\/a><\/span><\/h6>\n<h6 style=\"text-align: left; padding-left: 40px;\"><span style=\"color: #3366ff;\"><a style=\"color: #3366ff;\" href=\"https:\/\/physicsschool.um6p.ma\/?page_id=156\"><u>A propos<\/u><\/a><\/span><\/h6>\n<h6 style=\"text-align: left; padding-left: 40px;\"><a href=\"https:\/\/physicsschool.um6p.ma\/?page_id=6307\"><span style=\"color: #000080;\"><u>Cursus Ing\u00e9nieur<\/u><\/span><\/a><\/h6>\n<h6 style=\"text-align: left; padding-left: 40px;\"><a href=\"https:\/\/physicsschool.um6p.ma\/?page_id=6263\"><span style=\"color: #000080;\"><u>Voies d&#8217;admissions<\/u><\/span><\/a><\/h6>\n<h6 style=\"text-align: left; padding-left: 40px;\"><a href=\"https:\/\/physicsschool.um6p.ma\/?page_id=6269\"><span style=\"color: #000080;\"><u>Frais de Scolarit\u00e9<\/u><\/span><\/a><\/h6>\n<h6 style=\"text-align: left; padding-left: 40px;\"><a href=\"https:\/\/physicsschool.um6p.ma\/?page_id=6391\"><span style=\"color: #000080;\"><u>Bourses et Fellowships<\/u><\/span><\/a><\/h6>\n<h6 style=\"text-align: left; padding-left: 40px;\"><a href=\"https:\/\/physicsschool.um6p.ma\/?page_id=6329\"><span style=\"color: #000080;\"><u>Mobilit\u00e9s et stages<\/u><\/span><\/a><\/h6>\n<h6 style=\"text-align: left; padding-left: 40px;\"><a href=\"https:\/\/physicsschool.um6p.ma\/?page_id=6398\"><span style=\"color: #000080;\"><u>D\u00e9bouch\u00e9s et carri\u00e8res<\/u><\/span><\/a><\/h6>\n<h6 style=\"text-align: left; padding-left: 40px;\"><a href=\"https:\/\/physicsschool.um6p.ma\/?page_id=6402\"><span style=\"color: #000080;\"><u>Partenariats<\/u><\/span><\/a><\/h6>\n<h6 style=\"text-align: left; padding-left: 40px;\"><span style=\"text-decoration: underline;\"><a href=\"https:\/\/physicsschool.um6p.ma\/?page_id=7405\"><span style=\"color: #000080; text-decoration: underline;\">School Teaching Planning<\/span><\/a><\/span><\/h6>\n<h6 style=\"text-align: left;\"><a href=\"https:\/\/physicsschool.um6p.ma\/?page_id=174\"><span style=\"color: #000080;\"><u>Formation Doctorale<\/u><\/span><\/a><\/h6>\n<h6 style=\"text-align: left;\"><a href=\"https:\/\/physicsschool.um6p.ma\/?page_id=4884\"><span style=\"color: #000080;\"><u>Master executive<\/u><\/span><\/a><\/h6>\n<h6 style=\"text-align: left;\"><a href=\"https:\/\/physicsschool.um6p.ma\/?page_id=94\"><span style=\"color: #000080;\"><u>Communaut\u00e9<\/u><\/span><\/a><\/h6>\n<h6 style=\"text-align: left;\"><a href=\"https:\/\/um6p.ma\/fr\/vie-au-campus\"><span style=\"color: #000080;\"><u>Vie au Campus<\/u><\/span><\/a><\/h6>\n<p>[\/vc_column_text][\/vc_column][vc_column width=&#8221;3\/4&#8243;][vc_column_text]<strong>Bienvenue \u00e0 la School of Applied and Engineering Physics de l&#8217;UM6P.\u00a0<\/strong><\/p>\n<p>La School of Applied and Engineering Physics de l\u2019UM6P, fond\u00e9e par l\u2019Universit\u00e9 Mohammed VI Polytechnique, se positionne comme une institution pionni\u00e8re dans la formation des ing\u00e9nieurs physiciens de demain et de la recherche de pointe. \u00c0 travers un programme rigoureux de trois ans, l&#8217;\u00e9cole pr\u00e9pare ses \u00e9l\u00e8ves ing\u00e9nieurs \u00e0 devenir des leaders, des entrepreneurs et des experts capables d\u2019innover et d\u2019exceller, tant au Maroc qu\u2019\u00e0 l\u2019international.<\/p>\n<p>Les dipl\u00f4m\u00e9s de notre programme de physique obtiennent un dipl\u00f4me d\u2019Ing\u00e9nieur de Physique et \u00e9voluent dans des installations de pointe, incluant des syst\u00e8mes de cryog\u00e9nie, au sein de laboratoires o\u00f9 l&#8217;innovation et l&#8217;excellence sont au c\u0153ur de l&#8217;apprentissage.<\/p>\n<p>Notre formation allie des comp\u00e9tences techniques pointues en physique et en ing\u00e9nierie \u00e0 des projets pratiques de grande envergure. Ces projets permettent aux \u00e9l\u00e8ves ing\u00e9nieurs de mettre en \u0153uvre leurs connaissances th\u00e9oriques dans des d\u00e9fis r\u00e9els, favorisant ainsi l&#8217;acquisition de comp\u00e9tences en r\u00e9solution de probl\u00e8mes, en travail d\u2019\u00e9quipe et en innovation.<\/p>\n<p>Les cours sont dispens\u00e9s en anglais et en fran\u00e7ais, garantissant \u00e0 nos \u00e9l\u00e8ves ing\u00e9nieurs une ma\u00eetrise des deux langues dans un monde globalis\u00e9. En outre, des cours en mandarin et en swahili sont propos\u00e9s pour d\u00e9velopper des comp\u00e9tences linguistiques essentielles dans un contexte africain et international. Cette approche multilingue s&#8217;inscrit dans notre vision de former des leaders africains qui joueront un r\u00f4le cl\u00e9 dans l&#8217;innovation technologique et le d\u00e9veloppement durable.<\/p>\n<p>L\u2019\u00c9cole d\u2019Ing\u00e9nieur de Physique de l\u2019UM6P s\u2019engage \u00e0 former la prochaine g\u00e9n\u00e9ration de physicien, de leaders africains, capables de contribuer \u00e0 l\u2019essor technologique et au d\u00e9veloppement durable, non seulement en Afrique, mais aussi au niveau mondial.<\/p>\n<a href=\"https:\/\/physicsschool.um6p.ma\/wp-content\/uploads\/2026\/03\/Brochure%20Admission%202026.pdf\" class=\"pdfemb-viewer\" style=\"width:600px;height:770px;\" data-width=\"600\" data-height=\"770\" data-toolbar=\"bottom\" data-toolbar-fixed=\"off\">Brochure%20Admission%202026<\/a>\n<p><a href=\"https:\/\/physicsschool.um6p.ma\/wp-content\/uploads\/2026\/03\/UM6P%20School%20of%20Applied%20and%20Engineering%20Physics%20V2.pdf\" class=\"pdfemb-viewer\" style=\"width:600px;height:770px;\" data-width=\"600\" data-height=\"770\" data-toolbar=\"bottom\" data-toolbar-fixed=\"off\">UM6P%20School%20of%20Applied%20and%20Engineering%20Physics%20V2<\/a>[\/vc_column_text][vc_single_image image=&#8221;6792&#8243; img_size=&#8221;large&#8221; alignment=&#8221;center&#8221;][\/vc_column][\/vc_row]<\/p>\n","protected":false},"excerpt":{"rendered":"<p>[vc_row][vc_column width=&#8221;1\/4&#8243;][vc_column_text] Formations Formation d&#8217;Ing\u00e9nieur A propos Cursus Ing\u00e9nieur Voies d&#8217;admissions Frais de Scolarit\u00e9 Bourses et Fellowships Mobilit\u00e9s et stages D\u00e9bouch\u00e9s et carri\u00e8res Partenariats School Teaching Planning Formation Doctorale Master executive Communaut\u00e9 Vie au Campus [\/vc_column_text][\/vc_column][vc_column width=&#8221;3\/4&#8243;][vc_column_text]Bienvenue \u00e0 la School of Applied and Engineering Physics de l&#8217;UM6P.\u00a0 La School of Applied and Engineering Physics de [&hellip;]<\/p>\n","protected":false},"author":1,"featured_media":0,"parent":0,"menu_order":0,"comment_status":"closed","ping_status":"closed","template":"","meta":{"_monsterinsights_skip_tracking":false,"_monsterinsights_sitenote_active":false,"_monsterinsights_sitenote_note":"","_monsterinsights_sitenote_category":0,"cybocfi_hide_featured_image":"","footnotes":""},"class_list":["post-156","page","type-page","status-publish","hentry"],"aioseo_notices":[],"_links":{"self":[{"href":"https:\/\/physicsschool.um6p.ma\/index.php?rest_route=\/wp\/v2\/pages\/156","targetHints":{"allow":["GET"]}}],"collection":[{"href":"https:\/\/physicsschool.um6p.ma\/index.php?rest_route=\/wp\/v2\/pages"}],"about":[{"href":"https:\/\/physicsschool.um6p.ma\/index.php?rest_route=\/wp\/v2\/types\/page"}],"author":[{"embeddable":true,"href":"https:\/\/physicsschool.um6p.ma\/index.php?rest_route=\/wp\/v2\/users\/1"}],"replies":[{"embeddable":true,"href":"https:\/\/physicsschool.um6p.ma\/index.php?rest_route=%2Fwp%2Fv2%2Fcomments&post=156"}],"version-history":[{"count":112,"href":"https:\/\/physicsschool.um6p.ma\/index.php?rest_route=\/wp\/v2\/pages\/156\/revisions"}],"predecessor-version":[{"id":7717,"href":"https:\/\/physicsschool.um6p.ma\/index.php?rest_route=\/wp\/v2\/pages\/156\/revisions\/7717"}],"wp:attachment":[{"href":"https:\/\/physicsschool.um6p.ma\/index.php?rest_route=%2Fwp%2Fv2%2Fmedia&parent=156"}],"curies":[{"name":"wp","href":"https:\/\/api.w.org\/{rel}","templated":true}]}}