{"id":1685,"date":"2023-01-05T20:03:37","date_gmt":"2023-01-05T20:03:37","guid":{"rendered":"https:\/\/iap.um6p.ma\/?page_id=1685"},"modified":"2025-01-16T18:27:07","modified_gmt":"2025-01-16T18:27:07","slug":"talk-event","status":"publish","type":"page","link":"https:\/\/physicsschool.um6p.ma\/?page_id=1685","title":{"rendered":"News\/Events"},"content":{"rendered":"<p>[vc_row][vc_column][vc_wp_posts title=&#8221;More news&#8221; number=&#8221;100&#8243; show_date=&#8221;1&#8243;][vc_column_text]<\/p>\n<h3><strong>International Applied Physics Meeting 2023 (IAPM), 6 &#8211; 8 December 2023, University Mohammed VI Polytechnic, Benguerir<\/strong><\/h3>\n<p>The Institute of Applied Physics organized the International Applied Physics Meeting 2023. The event represented an exciting opportunity for scientists, scholars, researchers, and industrials to gather and discuss the latest developments and breakthroughs in these essential fields.<\/p>\n<p>The meeting included Plenary, Keynotes, and Invited Talks, in which Distinguished Scholars and Experts from academic institutions and industry, oral presentations by industrial partners, and poster presentations by young junior participants were given.[\/vc_column_text][vc_column_text css=&#8221;.vc_custom_1702374952098{margin-left: 25% !important;}&#8221;]<div style=\"width: 640px;\" class=\"wp-video\"><video class=\"wp-video-shortcode\" id=\"video-1685-1\" width=\"640\" height=\"363\" loop autoplay preload=\"auto\" controls=\"controls\"><source type=\"video\/mp4\" src=\"https:\/\/physicsschool.um6p.ma\/wp-content\/uploads\/2023\/12\/WhatsApp-Video-2023-12-10-at-02.51.10_d85f5e15.mp4?_=1\" \/><a href=\"https:\/\/physicsschool.um6p.ma\/wp-content\/uploads\/2023\/12\/WhatsApp-Video-2023-12-10-at-02.51.10_d85f5e15.mp4\">https:\/\/physicsschool.um6p.ma\/wp-content\/uploads\/2023\/12\/WhatsApp-Video-2023-12-10-at-02.51.10_d85f5e15.mp4<\/a><\/video><\/div>[\/vc_column_text][vc_column_text]<\/p>\n<h3><strong>School on computational physics modeling, 19th December\u2013 24nd December 2022 Mohammed VI Polytechnic University Benguerir<\/strong><\/h3>\n<p>The Institute of Applied Physics (IAP) is pleased to host the 2022 School on Computational Physics. Lectures, Teamwork, and Mentoring are part of the school to help you learn about computational physics and enhance your career.[\/vc_column_text][vc_column_text css=&#8221;.vc_custom_1674388481273{margin-left: 25% !important;}&#8221;]<div style=\"width: 640px;\" class=\"wp-video\"><video class=\"wp-video-shortcode\" id=\"video-1685-2\" width=\"640\" height=\"360\" loop autoplay preload=\"metadata\" controls=\"controls\"><source type=\"video\/mp4\" src=\"https:\/\/physicsschool.um6p.ma\/wp-content\/uploads\/2023\/01\/Video.mp4?_=2\" \/><a href=\"https:\/\/physicsschool.um6p.ma\/wp-content\/uploads\/2023\/01\/Video.mp4\">https:\/\/physicsschool.um6p.ma\/wp-content\/uploads\/2023\/01\/Video.mp4<\/a><\/video><\/div>[\/vc_column_text][vc_column_text]<\/p>\n<h3><strong>JMCON conference on Nanosciences, Condensed Matter physics, Optics and applications, 23 and 24 December 2021 Mohammed VI Polytechnic University Benguerir<\/strong><\/h3>\n<p>The UM6P Institute of Applied Physics (IAP) organized a conference entitled \u00ab Journ\u00e9es de la Mati\u00e8re Condens\u00e9e, l&#8217;Optique et des Nanosciences (JMCON 2021) \u00bb at the end of December 2021.<\/p>\n<p>This conference brought together Moroccan physicists, researchers, engineers, academicians, and industrial partners from different backgrounds on a common platform to discuss challenges and perspectives of basic and applied physics at the national level.[\/vc_column_text][vc_column_text css=&#8221;.vc_custom_1674388469200{margin-left: 25% !important;}&#8221;]<div style=\"width: 640px;\" class=\"wp-video\"><video class=\"wp-video-shortcode\" id=\"video-1685-3\" width=\"640\" height=\"347\" loop autoplay preload=\"metadata\" controls=\"controls\"><source type=\"video\/mp4\" src=\"https:\/\/physicsschool.um6p.ma\/wp-content\/uploads\/2023\/01\/FJZmSOVXMAgQKJo.mp4?_=3\" \/><a href=\"https:\/\/physicsschool.um6p.ma\/wp-content\/uploads\/2023\/01\/FJZmSOVXMAgQKJo.mp4\">https:\/\/physicsschool.um6p.ma\/wp-content\/uploads\/2023\/01\/FJZmSOVXMAgQKJo.mp4<\/a><\/video><\/div>[\/vc_column_text][\/vc_column][\/vc_row][vc_row][vc_column][\/vc_column][\/vc_row]<\/p>\n","protected":false},"excerpt":{"rendered":"<p>[vc_row][vc_column][vc_wp_posts title=&#8221;More news&#8221; number=&#8221;100&#8243; show_date=&#8221;1&#8243;][vc_column_text] International Applied Physics Meeting 2023 (IAPM), 6 &#8211; 8 December 2023, University Mohammed VI Polytechnic, Benguerir The Institute of Applied Physics organized the International Applied Physics Meeting 2023. The event represented an exciting opportunity for scientists, scholars, researchers, and industrials to gather and discuss the latest developments and breakthroughs in [&hellip;]<\/p>\n","protected":false},"author":3,"featured_media":0,"parent":0,"menu_order":0,"comment_status":"closed","ping_status":"closed","template":"","meta":{"_monsterinsights_skip_tracking":false,"_monsterinsights_sitenote_active":false,"_monsterinsights_sitenote_note":"","_monsterinsights_sitenote_category":0,"cybocfi_hide_featured_image":"","footnotes":""},"class_list":["post-1685","page","type-page","status-publish","hentry"],"aioseo_notices":[],"_links":{"self":[{"href":"https:\/\/physicsschool.um6p.ma\/index.php?rest_route=\/wp\/v2\/pages\/1685","targetHints":{"allow":["GET"]}}],"collection":[{"href":"https:\/\/physicsschool.um6p.ma\/index.php?rest_route=\/wp\/v2\/pages"}],"about":[{"href":"https:\/\/physicsschool.um6p.ma\/index.php?rest_route=\/wp\/v2\/types\/page"}],"author":[{"embeddable":true,"href":"https:\/\/physicsschool.um6p.ma\/index.php?rest_route=\/wp\/v2\/users\/3"}],"replies":[{"embeddable":true,"href":"https:\/\/physicsschool.um6p.ma\/index.php?rest_route=%2Fwp%2Fv2%2Fcomments&post=1685"}],"version-history":[{"count":36,"href":"https:\/\/physicsschool.um6p.ma\/index.php?rest_route=\/wp\/v2\/pages\/1685\/revisions"}],"predecessor-version":[{"id":6639,"href":"https:\/\/physicsschool.um6p.ma\/index.php?rest_route=\/wp\/v2\/pages\/1685\/revisions\/6639"}],"wp:attachment":[{"href":"https:\/\/physicsschool.um6p.ma\/index.php?rest_route=%2Fwp%2Fv2%2Fmedia&parent=1685"}],"curies":[{"name":"wp","href":"https:\/\/api.w.org\/{rel}","templated":true}]}}