{"id":174,"date":"2021-01-25T10:08:33","date_gmt":"2021-01-25T10:08:33","guid":{"rendered":"https:\/\/wordpressriverthemes.com\/tanda\/?page_id=174"},"modified":"2025-01-18T14:39:02","modified_gmt":"2025-01-18T14:39:02","slug":"um6p-doctoral-journal-club","status":"publish","type":"page","link":"https:\/\/physicsschool.um6p.ma\/?page_id=174","title":{"rendered":"Formation doctorale"},"content":{"rendered":"<p>[vc_row][vc_column width=&#8221;1\/4&#8243;][vc_column_text]<\/p>\n<h2 style=\"text-align: left;\"><span style=\"color: #000080;\">Formations<\/span><\/h2>\n<h6 style=\"text-align: left;\"><span style=\"color: #000080;\"><a style=\"color: #000080;\" href=\"https:\/\/physicsschool.um6p.ma\/?page_id=156\"><u>Formation d&#8217;Ing\u00e9nieur<\/u><\/a><\/span><\/h6>\n<h6 style=\"text-align: left;\"><span style=\"color: #3366ff;\"><a style=\"color: #3366ff;\" href=\"https:\/\/physicsschool.um6p.ma\/?page_id=174\"><u>Formation Doctorale<\/u><\/a><\/span><\/h6>\n<h6 style=\"text-align: left; padding-left: 40px;\"><span style=\"color: #3366ff;\"><a style=\"color: #3366ff;\" href=\"https:\/\/physicsschool.um6p.ma\/?page_id=174\"><u>A propos<\/u><\/a><\/span><\/h6>\n<h6 style=\"text-align: left; padding-left: 40px;\"><span style=\"color: #000080;\"><a style=\"color: #000080;\" href=\"https:\/\/physicsschool.um6p.ma\/?page_id=6416\"><u>PhD Lab Meeting<\/u><\/a><\/span><\/h6>\n<h6 style=\"text-align: left; padding-left: 40px;\"><span style=\"color: #000080;\"><a style=\"color: #000080;\" href=\"https:\/\/physicsschool.um6p.ma\/?page_id=6420\"><u>Journal Club<\/u><\/a><\/span><\/h6>\n<h6 style=\"text-align: left; padding-left: 40px;\"><span style=\"color: #000080;\"><a style=\"color: #000080;\" href=\"https:\/\/physicsschool.um6p.ma\/?page_id=6424\"><u>Offres de th\u00e8ses<\/u><\/a><\/span><u><\/u><\/h6>\n<h6 style=\"text-align: left;\"><span style=\"color: #000080;\"><a style=\"color: #000080;\" href=\"https:\/\/physicsschool.um6p.ma\/?page_id=4884\"><u>Master executive<\/u><\/a><\/span><\/h6>\n<h6 style=\"text-align: left;\"><a href=\"https:\/\/physicsschool.um6p.ma\/?page_id=94\"><span style=\"color: #000080;\"><u>Communaut\u00e9<\/u><\/span><\/a><\/h6>\n<h6 style=\"text-align: left;\"><a href=\"https:\/\/um6p.ma\/fr\/vie-au-campus\"><span style=\"color: #000080;\"><u>Vie au Campus<\/u><\/span><\/a><\/h6>\n<p>[\/vc_column_text][\/vc_column][vc_column width=&#8221;3\/4&#8243;][vc_column_text]<strong>Programme d&#8217;\u00c9tudes Doctorales<\/strong><\/p>\n<p>Le <strong>Programme d&#8217;\u00c9tudes Doctorales<\/strong> de la <strong>School of Applied and Engineering Physics<\/strong> de l&#8217;UM6P est un parcours structur\u00e9, con\u00e7u pour offrir aux doctorants une formation rigoureuse et une exp\u00e9rience de recherche de haut niveau. Ce programme se divise en deux phases compl\u00e9mentaires : une <strong>phase de formation<\/strong> et une <strong>phase de recherche<\/strong>.<\/p>\n<p>La <strong>phase de formation<\/strong>, qui d\u00e9bute en octobre, comprend 4 modules obligatoires ainsi que 5 cours au choix, chacun d\u2019une dur\u00e9e de 20 heures. Ces cours couvrent des sujets sp\u00e9cialis\u00e9s tels que l\u2019effet Hall quantique, la spectroscopie Raman, la physique des mat\u00e9riaux, et d&#8217;autres domaines \u00e0 la pointe de la recherche. Parall\u00e8lement, un noyau commun de 200 heures permet aux doctorants d\u2019approfondir des th\u00e9matiques avanc\u00e9es telles que la <strong>physique de l\u2019\u00e9tat solide<\/strong>, la <strong>science spatiale<\/strong>, la <strong>photonique<\/strong>, et la <strong>physique atomique<\/strong>. \u00c0 la fin de cette phase, un test de qualification a lieu en mars, avant de passer \u00e0 la <strong>phase pr\u00e9doctorale<\/strong>, durant laquelle les doctorants se pr\u00e9parent \u00e0 la recherche. Cette phase de formation dure un an.<\/p>\n<p>La <strong>phase de recherche<\/strong>, qui dure environ 3 ans, constitue le c\u0153ur du programme. Chaque doctorant est charg\u00e9 de mener des travaux de recherche innovants visant \u00e0 proposer un <strong>nouveau concept physique<\/strong>, apportant ainsi une <strong>contribution significative \u00e0 la science ou \u00e0 l&#8217;innovation<\/strong>. Cette contribution doit \u00eatre <strong>publi\u00e9e dans des revues de haut impact<\/strong> dans le domaine sp\u00e9cifique de la th\u00e8se et <strong>pr\u00e9sent\u00e9e lors de congr\u00e8s internationaux<\/strong>, afin d&#8217;assurer une reconnaissance mondiale de leur travail scientifique.<\/p>\n<p>Au terme de ce parcours de 4 ans, les \u00e9tudiants obtiennent un <strong>Doctorat en Philosophie<\/strong> (PhD), validant ainsi leur expertise approfondie et leur contribution majeure dans le domaine de la recherche scientifique.<\/p>\n<p><img loading=\"lazy\" decoding=\"async\" class=\"alignnone size-full wp-image-6245\" src=\"https:\/\/physicsschool.um6p.ma\/wp-content\/uploads\/2024\/12\/Picture2.png\" alt=\"\" width=\"4165\" height=\"1903\" srcset=\"https:\/\/physicsschool.um6p.ma\/wp-content\/uploads\/2024\/12\/Picture2.png 4165w, https:\/\/physicsschool.um6p.ma\/wp-content\/uploads\/2024\/12\/Picture2-300x137.png 300w, https:\/\/physicsschool.um6p.ma\/wp-content\/uploads\/2024\/12\/Picture2-1024x468.png 1024w, https:\/\/physicsschool.um6p.ma\/wp-content\/uploads\/2024\/12\/Picture2-768x351.png 768w, https:\/\/physicsschool.um6p.ma\/wp-content\/uploads\/2024\/12\/Picture2-1536x702.png 1536w, https:\/\/physicsschool.um6p.ma\/wp-content\/uploads\/2024\/12\/Picture2-2048x936.png 2048w\" sizes=\"auto, (max-width: 4165px) 100vw, 4165px\" \/>[\/vc_column_text][\/vc_column][\/vc_row]<\/p>\n","protected":false},"excerpt":{"rendered":"<p>[vc_row][vc_column width=&#8221;1\/4&#8243;][vc_column_text] Formations Formation d&#8217;Ing\u00e9nieur Formation Doctorale A propos PhD Lab Meeting Journal Club Offres de th\u00e8ses Master executive Communaut\u00e9 Vie au Campus [\/vc_column_text][\/vc_column][vc_column width=&#8221;3\/4&#8243;][vc_column_text]Programme d&#8217;\u00c9tudes Doctorales Le Programme d&#8217;\u00c9tudes Doctorales de la School of Applied and Engineering Physics de l&#8217;UM6P est un parcours structur\u00e9, con\u00e7u pour offrir aux doctorants une formation rigoureuse et une [&hellip;]<\/p>\n","protected":false},"author":1,"featured_media":0,"parent":0,"menu_order":0,"comment_status":"closed","ping_status":"closed","template":"","meta":{"_monsterinsights_skip_tracking":false,"_monsterinsights_sitenote_active":false,"_monsterinsights_sitenote_note":"","_monsterinsights_sitenote_category":0,"cybocfi_hide_featured_image":"","footnotes":""},"class_list":["post-174","page","type-page","status-publish","hentry"],"aioseo_notices":[],"_links":{"self":[{"href":"https:\/\/physicsschool.um6p.ma\/index.php?rest_route=\/wp\/v2\/pages\/174","targetHints":{"allow":["GET"]}}],"collection":[{"href":"https:\/\/physicsschool.um6p.ma\/index.php?rest_route=\/wp\/v2\/pages"}],"about":[{"href":"https:\/\/physicsschool.um6p.ma\/index.php?rest_route=\/wp\/v2\/types\/page"}],"author":[{"embeddable":true,"href":"https:\/\/physicsschool.um6p.ma\/index.php?rest_route=\/wp\/v2\/users\/1"}],"replies":[{"embeddable":true,"href":"https:\/\/physicsschool.um6p.ma\/index.php?rest_route=%2Fwp%2Fv2%2Fcomments&post=174"}],"version-history":[{"count":68,"href":"https:\/\/physicsschool.um6p.ma\/index.php?rest_route=\/wp\/v2\/pages\/174\/revisions"}],"predecessor-version":[{"id":6772,"href":"https:\/\/physicsschool.um6p.ma\/index.php?rest_route=\/wp\/v2\/pages\/174\/revisions\/6772"}],"wp:attachment":[{"href":"https:\/\/physicsschool.um6p.ma\/index.php?rest_route=%2Fwp%2Fv2%2Fmedia&parent=174"}],"curies":[{"name":"wp","href":"https:\/\/api.w.org\/{rel}","templated":true}]}}