{"id":3515,"date":"2023-02-25T23:15:53","date_gmt":"2023-02-25T23:15:53","guid":{"rendered":"https:\/\/iap.um6p.ma\/?page_id=3515"},"modified":"2025-09-09T13:43:55","modified_gmt":"2025-09-09T13:43:55","slug":"meryam-lassri","status":"publish","type":"page","link":"https:\/\/physicsschool.um6p.ma\/?page_id=3515","title":{"rendered":"Meryam Lassri"},"content":{"rendered":"<p>[vc_row][vc_column][vc_column_text]<\/p>\n<h5><img loading=\"lazy\" decoding=\"async\" class=\" wp-image-3519 alignleft\" src=\"https:\/\/iap.um6p.ma\/wp-content\/uploads\/2023\/02\/Picture1-4-219x300.png\" alt=\"\" width=\"153\" height=\"209\" srcset=\"https:\/\/physicsschool.um6p.ma\/wp-content\/uploads\/2023\/02\/Picture1-4-219x300.png 219w, https:\/\/physicsschool.um6p.ma\/wp-content\/uploads\/2023\/02\/Picture1-4.png 307w\" sizes=\"auto, (max-width: 153px) 100vw, 153px\" \/>Meryam Lassri<\/h5>\n<p>Professor of Physics<br \/>\nE-mail: meryam.lassri@emines.um6p.ma<\/p>\n<div data-ogsc=\"black\"><b data-ogsc=\"\" data-olk-copy-source=\"MessageBody\">Scopus ID: 16555401200<\/b><\/div>\n<div data-ogsc=\"black\"><span style=\"color: #0000ff;\"><b><a class=\"ms-outlook-linkify\" style=\"color: #0000ff;\" title=\"https:\/\/orcid.org\/0009-0006-0965-0394\" href=\"https:\/\/orcid.org\/0009-0006-0965-0394\" target=\"_blank\" rel=\"noopener\" data-ogsc=\"\" data-linkindex=\"1\">https:\/\/orcid.org\/0009-0006-0965-0394<\/a><\/b><\/span><\/div>\n<div data-ogsc=\"black\">Dr. Meryam Lassri is a Professor of Physics at EMINES \u2013 School of Industrial Management, Mohammed VI Polytechnic University (UM6P) and a Research Associate specializing in magnetic materials and cryogenic refrigeration.<\/div>\n<div data-ogsc=\"black\">She is a Doctor in Physics (Universit\u00e9 Sultan Moulay Slimane, B\u00e9ni Mellal) and she got her electrical engineering degree from ENSEM, (\u00c9cole Nationale Sup\u00e9rieure d\u2019\u00c9lectricit\u00e9 et de M\u00e9canique). She continued her studies as an Education fellow at EMINES, where she succeeded the \u201cFrench Aggregation\u201d in Physics and chemical sciences.<\/div>\n<div data-ogsc=\"black\">Her doctoral research focused on the structural, magnetic, and magnetocaloric properties of europium-based compounds and amorphous alloys, contributing to innovative approaches for energy-efficient cooling at ultralow temperatures.<\/div>\n<div data-ogsc=\"black\">Beyond academia, Dr. Lassri gained international engineering experience at the Centre National d\u2019\u00c9tudes Spatiales (CNES) in Toulouse, where she worked on nanosatellite electrical systems. She combines teaching, research, and applied engineering, with expertise ranging from experimental physics and magnetism to electrical systems design and advanced materials characterization.<\/div>\n<div data-ogsc=\"black\">Her work has been published in leading journals such as\u00a0<i data-ogsc=\"\">Journal of Magnetism and Magnetic Materials, Journal of Rare Earths, Applied Physics A,<\/i>\u00a0and\u00a0<i data-ogsc=\"\">Solid State Communications<\/i>. She has also presented her research at international conferences in Morocco, France, and Turkey.<\/div>\n<div data-ogsc=\"black\"><b data-ogsc=\"\">\u00a0Selected Publications<\/b><\/div>\n<ul>\n<li data-ogsc=\"black\"><b data-ogsc=\"\">Large reversible magnetocaloric effect in GdPO\u2084 nano-spherical particles at ultralow temperatures<\/b>,\u00a0<i data-ogsc=\"\">Journal of Magnetism and Magnetic Materials<\/i>, 2025.<\/li>\n<li data-ogsc=\"black\"><b data-ogsc=\"\">Large magnetocaloric effect and magnetic properties of EuRhO\u2083<\/b>,\u00a0<i data-ogsc=\"\">Journal of Rare Earths<\/i>, 2024.<\/li>\n<li data-ogsc=\"black\"><b data-ogsc=\"\">Investigation of non-crystalline Eu\u2088\u2080Au\u2082\u2080 alloy: magnetization measurements and entropy change analysis<\/b>,\u00a0<i data-ogsc=\"\">Applied Physics A<\/i>, 2025.<\/li>\n<li data-ogsc=\"black\"><b data-ogsc=\"\">Magnetic, magnetocaloric and critical exponent properties of Eu\u2083(PO\u2084)\u2082 prepared by sol\u2013gel method<\/b>,\u00a0<i data-ogsc=\"\">Solid State Communications<\/i>, 2023.<\/li>\n<li data-ogsc=\"black\"><b data-ogsc=\"\">Critical behavior of LaBiCaMn\u2082O\u2087 and its relation with magnetocaloric effect<\/b>,\u00a0<i data-ogsc=\"\">Applied Physics A<\/i>, 2023.<\/li>\n<\/ul>\n<div data-ogsc=\"black\">Fluent in Arabic, Tamazight, French, and English, Dr. Lassri is passionate about quantum computing, nanosciences, and the intersection of physics and engineering.<\/div>\n<p>[\/vc_column_text][\/vc_column][\/vc_row]<\/p>\n","protected":false},"excerpt":{"rendered":"<p>[vc_row][vc_column][vc_column_text] Meryam Lassri Professor of Physics E-mail: meryam.lassri@emines.um6p.ma Scopus ID: 16555401200 https:\/\/orcid.org\/0009-0006-0965-0394 Dr. Meryam Lassri is a Professor of Physics at EMINES \u2013 School of Industrial Management, Mohammed VI Polytechnic University (UM6P) and a Research Associate specializing in magnetic materials and cryogenic refrigeration. She is a Doctor in Physics (Universit\u00e9 Sultan Moulay Slimane, B\u00e9ni Mellal) [&hellip;]<\/p>\n","protected":false},"author":3,"featured_media":0,"parent":0,"menu_order":0,"comment_status":"closed","ping_status":"closed","template":"","meta":{"_monsterinsights_skip_tracking":false,"_monsterinsights_sitenote_active":false,"_monsterinsights_sitenote_note":"","_monsterinsights_sitenote_category":0,"cybocfi_hide_featured_image":"","footnotes":""},"class_list":["post-3515","page","type-page","status-publish","hentry"],"aioseo_notices":[],"_links":{"self":[{"href":"https:\/\/physicsschool.um6p.ma\/index.php?rest_route=\/wp\/v2\/pages\/3515","targetHints":{"allow":["GET"]}}],"collection":[{"href":"https:\/\/physicsschool.um6p.ma\/index.php?rest_route=\/wp\/v2\/pages"}],"about":[{"href":"https:\/\/physicsschool.um6p.ma\/index.php?rest_route=\/wp\/v2\/types\/page"}],"author":[{"embeddable":true,"href":"https:\/\/physicsschool.um6p.ma\/index.php?rest_route=\/wp\/v2\/users\/3"}],"replies":[{"embeddable":true,"href":"https:\/\/physicsschool.um6p.ma\/index.php?rest_route=%2Fwp%2Fv2%2Fcomments&post=3515"}],"version-history":[{"count":8,"href":"https:\/\/physicsschool.um6p.ma\/index.php?rest_route=\/wp\/v2\/pages\/3515\/revisions"}],"predecessor-version":[{"id":7426,"href":"https:\/\/physicsschool.um6p.ma\/index.php?rest_route=\/wp\/v2\/pages\/3515\/revisions\/7426"}],"wp:attachment":[{"href":"https:\/\/physicsschool.um6p.ma\/index.php?rest_route=%2Fwp%2Fv2%2Fmedia&parent=3515"}],"curies":[{"name":"wp","href":"https:\/\/api.w.org\/{rel}","templated":true}]}}