{"id":4884,"date":"2024-06-02T10:54:49","date_gmt":"2024-06-02T10:54:49","guid":{"rendered":"https:\/\/iap.um6p.ma\/?page_id=4884"},"modified":"2026-04-27T16:15:12","modified_gmt":"2026-04-27T16:15:12","slug":"executive-master","status":"publish","type":"page","link":"https:\/\/physicsschool.um6p.ma\/?page_id=4884","title":{"rendered":"Executive Master"},"content":{"rendered":"<p>[vc_row][vc_column width=&#8221;1\/4&#8243;][vc_column_text]<\/p>\n<h2 style=\"text-align: left;\"><span style=\"color: #000080;\">Formations<\/span><\/h2>\n<h6 style=\"text-align: left;\"><span style=\"color: #000080;\"><a style=\"color: #000080;\" href=\"https:\/\/physicsschool.um6p.ma\/?page_id=156\"><u>Formation d&#8217;Ing\u00e9nieur<\/u><\/a><\/span><\/h6>\n<h6 style=\"text-align: left;\"><a href=\"https:\/\/physicsschool.um6p.ma\/?page_id=174\"><span style=\"color: #000080;\"><u>Formation Doctorale<\/u><\/span><\/a><\/h6>\n<h6 style=\"text-align: left;\"><span style=\"color: #3366ff;\"><a style=\"color: #3366ff;\" href=\"https:\/\/physicsschool.um6p.ma\/?page_id=4884\"><u>Master Ex\u00e9cutif<\/u><\/a><\/span><\/h6>\n<h6 style=\"text-align: left;\"><a href=\"https:\/\/physicsschool.um6p.ma\/?page_id=94\"><span style=\"color: #000080;\"><u>Communaut\u00e9<\/u><\/span><\/a><\/h6>\n<h6 style=\"text-align: left;\"><a href=\"https:\/\/um6p.ma\/fr\/vie-au-campus\"><span style=\"color: #000080;\"><u>Vie au Campus<\/u><\/span><\/a><\/h6>\n<p>[\/vc_column_text][\/vc_column][vc_column width=&#8221;3\/4&#8243;][vc_column_text]<\/p>\n<div class=\"flex max-w-full flex-col flex-grow\">\n<div class=\"min-h-8 text-message flex w-full flex-col items-end gap-2 whitespace-normal break-words text-start [.text-message+&amp;]:mt-5\" dir=\"auto\" data-message-author-role=\"assistant\" data-message-id=\"e84822c2-5332-44dc-8897-228dfdc9b429\" data-message-model-slug=\"gpt-4o-mini\">\n<div class=\"flex w-full flex-col gap-1 empty:hidden first:pt-[3px]\">\n<div class=\"markdown prose w-full break-words dark:prose-invert light\">\n<p>Le programme de Master Ex\u00e9cutif de l\u2019\u00c9cole de Physique est con\u00e7u pour les professionnels exp\u00e9riment\u00e9s souhaitant d\u00e9velopper leurs comp\u00e9tences en leadership et leurs connaissances strat\u00e9giques dans les domaines dynamiques de la physique et de l\u2019ing\u00e9nierie. Avec un emploi du temps flexible adapt\u00e9 aux cadres en activit\u00e9, notre programme combine recherche de pointe, applications pratiques et connaissances de l\u2019industrie pour vous fournir les outils n\u00e9cessaires afin d\u2019exceller dans votre carri\u00e8re. Rejoignez-nous pour faire avancer votre expertise et stimuler l\u2019innovation au sein de votre organisation.<\/p>\n<p>&nbsp;<\/p>\n<\/div>\n<\/div>\n<\/div>\n<\/div>\n<p><a href=\"https:\/\/physicsschool.um6p.ma\/wp-content\/uploads\/2024\/07\/Exec-Master.svg\"><img loading=\"lazy\" decoding=\"async\" class=\"wp-image-5226 aligncenter\" role=\"img\" src=\"https:\/\/physicsschool.um6p.ma\/wp-content\/uploads\/2024\/07\/Exec-Master.svg\" alt=\"\" width=\"830\" height=\"642\" \/><\/a>[\/vc_column_text][\/vc_column][\/vc_row]<\/p>\n","protected":false},"excerpt":{"rendered":"<p>[vc_row][vc_column width=&#8221;1\/4&#8243;][vc_column_text] Formations Formation d&#8217;Ing\u00e9nieur Formation Doctorale Master Ex\u00e9cutif Communaut\u00e9 Vie au Campus [\/vc_column_text][\/vc_column][vc_column width=&#8221;3\/4&#8243;][vc_column_text] Le programme de Master Ex\u00e9cutif de l\u2019\u00c9cole de Physique est con\u00e7u pour les professionnels exp\u00e9riment\u00e9s souhaitant d\u00e9velopper leurs comp\u00e9tences en leadership et leurs connaissances strat\u00e9giques dans les domaines dynamiques de la physique et de l\u2019ing\u00e9nierie. Avec un emploi du temps [&hellip;]<\/p>\n","protected":false},"author":3,"featured_media":0,"parent":0,"menu_order":0,"comment_status":"closed","ping_status":"closed","template":"","meta":{"_monsterinsights_skip_tracking":false,"_monsterinsights_sitenote_active":false,"_monsterinsights_sitenote_note":"","_monsterinsights_sitenote_category":0,"cybocfi_hide_featured_image":"","footnotes":""},"class_list":["post-4884","page","type-page","status-publish","hentry"],"aioseo_notices":[],"_links":{"self":[{"href":"https:\/\/physicsschool.um6p.ma\/index.php?rest_route=\/wp\/v2\/pages\/4884","targetHints":{"allow":["GET"]}}],"collection":[{"href":"https:\/\/physicsschool.um6p.ma\/index.php?rest_route=\/wp\/v2\/pages"}],"about":[{"href":"https:\/\/physicsschool.um6p.ma\/index.php?rest_route=\/wp\/v2\/types\/page"}],"author":[{"embeddable":true,"href":"https:\/\/physicsschool.um6p.ma\/index.php?rest_route=\/wp\/v2\/users\/3"}],"replies":[{"embeddable":true,"href":"https:\/\/physicsschool.um6p.ma\/index.php?rest_route=%2Fwp%2Fv2%2Fcomments&post=4884"}],"version-history":[{"count":45,"href":"https:\/\/physicsschool.um6p.ma\/index.php?rest_route=\/wp\/v2\/pages\/4884\/revisions"}],"predecessor-version":[{"id":7788,"href":"https:\/\/physicsschool.um6p.ma\/index.php?rest_route=\/wp\/v2\/pages\/4884\/revisions\/7788"}],"wp:attachment":[{"href":"https:\/\/physicsschool.um6p.ma\/index.php?rest_route=%2Fwp%2Fv2%2Fmedia&parent=4884"}],"curies":[{"name":"wp","href":"https:\/\/api.w.org\/{rel}","templated":true}]}}