{"id":6025,"date":"2024-11-19T15:29:55","date_gmt":"2024-11-19T15:29:55","guid":{"rendered":"https:\/\/iap.um6p.ma\/?page_id=6025"},"modified":"2025-08-20T10:44:46","modified_gmt":"2025-08-20T10:44:46","slug":"industrial-partnerships","status":"publish","type":"page","link":"https:\/\/physicsschool.um6p.ma\/?page_id=6025","title":{"rendered":"Industrial partnerships"},"content":{"rendered":"<p>[vc_row][vc_column width=&#8221;1\/4&#8243;][vc_column_text]<\/p>\n<h2 style=\"text-align: left;\"><span style=\"color: #000080;\">Partnerships<\/span><\/h2>\n<h6 style=\"text-align: left;\"><span style=\"color: #000080;\"><a style=\"color: #000080;\" href=\"https:\/\/physicsschool.um6p.ma\/?page_id=5970\"><span style=\"text-decoration: underline;\">Academic partnership<\/span><\/a><\/span><\/h6>\n<h6 style=\"text-align: left;\"><a href=\"https:\/\/physicsschool.um6p.ma\/?page_id=6012\"><span style=\"text-decoration: underline;\"><span style=\"color: #000080; text-decoration: underline;\">Scientific partnership<\/span><\/span><\/a><\/h6>\n<h6 style=\"text-align: left;\"><span style=\"color: #3366ff;\"><a style=\"color: #3366ff;\" href=\"https:\/\/physicsschool.um6p.ma\/?page_id=6025\"><span style=\"text-decoration: underline;\">Industrial partnership<\/span><\/a><\/span><\/h6>\n<h6 style=\"text-align: left;\"><span style=\"color: #000080;\"><a style=\"color: #000080;\" href=\"https:\/\/physicsschool.um6p.ma\/?page_id=6059\"><span style=\"text-decoration: underline;\">Become a partner<\/span><\/a><\/span><\/h6>\n<p>[\/vc_column_text][\/vc_column][vc_column width=&#8221;3\/4&#8243;][vc_column_text]<strong>La School of Applied and Engineering Physics de l\u2019UM6P<\/strong>\u00a0cr\u00e9e des partenariats strat\u00e9giques avec des leaders industriels, tant au niveau national qu\u2019international, dans l\u2019int\u00e9r\u00eat de ses \u00e9tudiants. Parmi les partenariats cl\u00e9s d\u00e9j\u00e0 \u00e9tablis,\u00a0<strong>Assystem<\/strong>\u00a0et\u00a0<strong>NUVIA<\/strong>, deux acteurs mondiaux majeurs dans les domaines de l\u2019ing\u00e9nierie et de la s\u00fbret\u00e9 nucl\u00e9aire, collaborent pour soutenir le d\u00e9veloppement des comp\u00e9tences dans le secteur nucl\u00e9aire au Maroc\u00a0 .<\/p>\n<p>Ces partenariat ouvrent des perspectives nombreuses et enrichissantes pour nos \u00e9tudiants et dipl\u00f4m\u00e9s :<\/p>\n<ul>\n<li><strong>Stages pratiques<\/strong>\u00a0: Des opportunit\u00e9s de stages au sein d\u2019Assystem et NUVIA, permettant une immersion concr\u00e8te dans le secteur nucl\u00e9aire.<\/li>\n<li><strong>Formations sp\u00e9cialis\u00e9es<\/strong>\u00a0: Des programmes de formation cibl\u00e9s pour renforcer les comp\u00e9tences techniques et professionnelles des futurs ing\u00e9nieurs.<\/li>\n<li><strong>Recrutement des dipl\u00f4m\u00e9s<\/strong>\u00a0: Des perspectives de carri\u00e8re uniques au sein de ces leaders de l\u2019industrie nucl\u00e9aire.<\/li>\n<li><strong>\u00c9change d\u2019expertise<\/strong>\u00a0: Une collaboration dynamique favorisant le partage de connaissances et d\u2019expertises pour une croissance mutuelle.<\/li>\n<\/ul>\n<p><span style=\"color: #0000ff;\"><a style=\"color: #0000ff;\" href=\"https:\/\/www.assystem.com\/fr\/actualites\/assystem-soutient-le-developpement-des-competences-nucleaires-au-maroc\/\">https:\/\/www.assystem.com\/fr\/actualites\/assystem-soutient-le-developpement-des-competences-<\/a><\/span>[\/vc_column_text][\/vc_column][\/vc_row]<\/p>\n","protected":false},"excerpt":{"rendered":"<p>[vc_row][vc_column width=&#8221;1\/4&#8243;][vc_column_text] Partnerships Academic partnership Scientific partnership Industrial partnership Become a partner [\/vc_column_text][\/vc_column][vc_column width=&#8221;3\/4&#8243;][vc_column_text]La School of Applied and Engineering Physics de l\u2019UM6P\u00a0cr\u00e9e des partenariats strat\u00e9giques avec des leaders industriels, tant au niveau national qu\u2019international, dans l\u2019int\u00e9r\u00eat de ses \u00e9tudiants. Parmi les partenariats cl\u00e9s d\u00e9j\u00e0 \u00e9tablis,\u00a0Assystem\u00a0et\u00a0NUVIA, deux acteurs mondiaux majeurs dans les domaines de l\u2019ing\u00e9nierie et [&hellip;]<\/p>\n","protected":false},"author":3,"featured_media":0,"parent":0,"menu_order":0,"comment_status":"closed","ping_status":"closed","template":"","meta":{"_monsterinsights_skip_tracking":false,"_monsterinsights_sitenote_active":false,"_monsterinsights_sitenote_note":"","_monsterinsights_sitenote_category":0,"cybocfi_hide_featured_image":"","footnotes":""},"class_list":["post-6025","page","type-page","status-publish","hentry"],"aioseo_notices":[],"_links":{"self":[{"href":"https:\/\/physicsschool.um6p.ma\/index.php?rest_route=\/wp\/v2\/pages\/6025","targetHints":{"allow":["GET"]}}],"collection":[{"href":"https:\/\/physicsschool.um6p.ma\/index.php?rest_route=\/wp\/v2\/pages"}],"about":[{"href":"https:\/\/physicsschool.um6p.ma\/index.php?rest_route=\/wp\/v2\/types\/page"}],"author":[{"embeddable":true,"href":"https:\/\/physicsschool.um6p.ma\/index.php?rest_route=\/wp\/v2\/users\/3"}],"replies":[{"embeddable":true,"href":"https:\/\/physicsschool.um6p.ma\/index.php?rest_route=%2Fwp%2Fv2%2Fcomments&post=6025"}],"version-history":[{"count":13,"href":"https:\/\/physicsschool.um6p.ma\/index.php?rest_route=\/wp\/v2\/pages\/6025\/revisions"}],"predecessor-version":[{"id":7421,"href":"https:\/\/physicsschool.um6p.ma\/index.php?rest_route=\/wp\/v2\/pages\/6025\/revisions\/7421"}],"wp:attachment":[{"href":"https:\/\/physicsschool.um6p.ma\/index.php?rest_route=%2Fwp%2Fv2%2Fmedia&parent=6025"}],"curies":[{"name":"wp","href":"https:\/\/api.w.org\/{rel}","templated":true}]}}