{"id":6307,"date":"2025-01-11T19:06:22","date_gmt":"2025-01-11T19:06:22","guid":{"rendered":"https:\/\/iap.um6p.ma\/?page_id=6307"},"modified":"2026-03-02T11:15:36","modified_gmt":"2026-03-02T11:15:36","slug":"cursus","status":"publish","type":"page","link":"https:\/\/physicsschool.um6p.ma\/?page_id=6307","title":{"rendered":"Cursus en Ing\u00e9nierie Physique"},"content":{"rendered":"<p>[vc_row][vc_column width=&#8221;1\/4&#8243;][vc_column_text]<\/p>\n<h2 style=\"text-align: left;\"><span style=\"color: #000080;\">Formations<\/span><\/h2>\n<h6 style=\"text-align: left;\"><span style=\"color: #3366ff;\"><a style=\"color: #3366ff;\" href=\"https:\/\/physicsschool.um6p.ma\/?page_id=156\"><u>Formation d&#8217;Ing\u00e9nieur<\/u><\/a><\/span><\/h6>\n<h6 style=\"text-align: left; padding-left: 40px;\"><span style=\"color: #000080;\"><a style=\"color: #000080;\" href=\"https:\/\/physicsschool.um6p.ma\/?page_id=156\"><u>A propos<\/u><\/a><\/span><\/h6>\n<h6 style=\"text-align: left; padding-left: 40px;\"><span style=\"color: #3366ff;\"><a style=\"color: #3366ff;\" href=\"https:\/\/physicsschool.um6p.ma\/?page_id=6307\"><u>Cursus Ing\u00e9nieur<\/u><\/a><\/span><\/h6>\n<h6 style=\"text-align: left; padding-left: 40px;\"><a href=\"https:\/\/physicsschool.um6p.ma\/?page_id=6263\"><span style=\"color: #000080;\"><u>Voies d&#8217;admissions<\/u><\/span><\/a><\/h6>\n<h6 style=\"text-align: left; padding-left: 40px;\"><a href=\"https:\/\/physicsschool.um6p.ma\/?page_id=6269\"><span style=\"color: #000080;\"><u>Frais de Scolarit\u00e9<\/u><\/span><\/a><\/h6>\n<h6 style=\"text-align: left; padding-left: 40px;\"><a href=\"https:\/\/physicsschool.um6p.ma\/?page_id=6391\"><span style=\"color: #000080;\"><u>Bourses et Fellowships<\/u><\/span><\/a><\/h6>\n<h6 style=\"text-align: left; padding-left: 40px;\"><a href=\"https:\/\/physicsschool.um6p.ma\/?page_id=6329\"><span style=\"color: #000080;\"><u>Mobilit\u00e9s et stages<\/u><\/span><\/a><\/h6>\n<h6 style=\"text-align: left; padding-left: 40px;\"><a href=\"https:\/\/physicsschool.um6p.ma\/?page_id=6398\"><span style=\"color: #000080;\"><u>D\u00e9bouch\u00e9s et carri\u00e8res<\/u><\/span><\/a><\/h6>\n<h6 style=\"text-align: left; padding-left: 40px;\"><a href=\"https:\/\/physicsschool.um6p.ma\/?page_id=6402\"><span style=\"color: #000080;\"><u>Partenariats<\/u><\/span><\/a><\/h6>\n<h6 style=\"text-align: left; padding-left: 40px;\"><span style=\"text-decoration: underline;\"><a href=\"https:\/\/physicsschool.um6p.ma\/?page_id=7405\"><span style=\"color: #000080; text-decoration: underline;\">School Teaching Planning<\/span><\/a><\/span><\/h6>\n<h6 style=\"text-align: left;\"><a href=\"https:\/\/physicsschool.um6p.ma\/?page_id=174\"><span style=\"color: #000080;\"><u>Formation Doctorale<\/u><\/span><\/a><\/h6>\n<h6 style=\"text-align: left;\"><a href=\"https:\/\/physicsschool.um6p.ma\/?page_id=4884\"><span style=\"color: #000080;\"><u>Master executive<\/u><\/span><\/a><\/h6>\n<h6 style=\"text-align: left;\"><a href=\"https:\/\/physicsschool.um6p.ma\/?page_id=94\"><span style=\"color: #000080;\"><u>Communaut\u00e9<\/u><\/span><\/a><\/h6>\n<h6 style=\"text-align: left;\"><a href=\"https:\/\/um6p.ma\/fr\/vie-au-campus\"><span style=\"color: #000080;\"><u>Vie au Campus<\/u><\/span><\/a><\/h6>\n<p>[\/vc_column_text][\/vc_column][vc_column width=&#8221;3\/4&#8243;][vc_column_text]Notre formation allie des comp\u00e9tences techniques pointues en physique et en ing\u00e9nierie \u00e0 des projets pratiques de grande envergure. Ces projets permettent aux \u00e9l\u00e8ves ing\u00e9nieurs de mettre en \u0153uvre leurs connaissances th\u00e9oriques dans des d\u00e9fis r\u00e9els, favorisant ainsi l&#8217;acquisition de comp\u00e9tences en r\u00e9solution de probl\u00e8mes, en travail d\u2019\u00e9quipe et en innovation.<\/p>\n<p>Les cours sont dispens\u00e9s en anglais et en fran\u00e7ais, garantissant \u00e0 nos \u00e9l\u00e8ves ing\u00e9nieurs une ma\u00eetrise des deux langues dans un monde globalis\u00e9. En outre, des cours en mandarin et en swahili sont propos\u00e9s pour d\u00e9velopper des comp\u00e9tences linguistiques essentielles dans un contexte africain et international. Cette approche multilingue s&#8217;inscrit dans notre vision de former des leaders africains qui joueront un r\u00f4le cl\u00e9 dans l&#8217;innovation technologique et le d\u00e9veloppement durable.<\/p>\n<p>Le programme est structur\u00e9 en quatre \u00e9tapes cl\u00e9s, mettant l\u2019accent sur la cr\u00e9ativit\u00e9, l&#8217;innovation, l&#8217;entrepreneuriat et la pr\u00e9paration au monde professionnel :<\/p>\n<p><strong>S5 : Fondations en Physique et Ing\u00e9nierie<\/strong><\/p>\n<p>Les \u00e9l\u00e8ves ing\u00e9nieurs acqui\u00e8rent une base solide en calcul avanc\u00e9, physique quantique et statistique, \u00e9lectromagn\u00e9tisme et physique de l&#8217;\u00e9tat solide, compl\u00e9t\u00e9e par des mati\u00e8res essentielles en ing\u00e9nierie, telles que l\u2019\u00e9lectronique et la m\u00e9canique des fluides. Chaque module est accompagn\u00e9 de projets pratiques permettant d\u2019appliquer directement les connaissances acquises.<\/p>\n<p><em>Exemple de projet : D\u00e9veloppement d&#8217;un circuit analogique de base ou simulation de la dynamique des fluides.<\/em><\/p>\n<p><strong>S6 : Concepts Avanc\u00e9s en Physique et Ing\u00e9nierie<\/strong><\/p>\n<p>Les \u00e9l\u00e8ves ing\u00e9nieurs approfondissent des domaines comme la physique des semi-conducteurs, la physique nucl\u00e9aire et les m\u00e9thodes computationnelles. Les projets associ\u00e9s incluent la simulation et la validation exp\u00e9rimentale de syst\u00e8mes complexes.<\/p>\n<p><em>Exemple de projet : Simulation du comportement d\u2019un composant \u00e9lectronique et tests en laboratoire ou simulation d\u2019une r\u00e9action chimique dans un r\u00e9acteur.<\/em><\/p>\n<p><strong>S7 : Physique et Ing\u00e9nierie Avanc\u00e9es<\/strong><\/p>\n<p>Ce semestre met l&#8217;accent sur des sujets innovants tels que la bio-ing\u00e9nierie, la physique des plasmas et la conception de syst\u00e8mes optiques. Les \u00e9l\u00e8ves ing\u00e9nieurs participent \u00e0 des projets multidisciplinaires de grande envergure, renfor\u00e7ant leur expertise technique et leur capacit\u00e9 \u00e0 travailler en \u00e9quipe.<\/p>\n<p><em>Exemple de projet : Conception d&#8217;un syst\u00e8me de communication optique ou mod\u00e9lisation du comportement du plasma pour les r\u00e9acteurs de fusion.<\/em><\/p>\n<p><strong>S8 : Double sp\u00e9cialisation en Ing\u00e9nierie Avanc\u00e9e<\/strong><\/p>\n<p>Les \u00e9l\u00e8ves ing\u00e9nieurs se sp\u00e9cialisent dans des domaines de pointe comme la nano\u00e9lectronique, l\u2019optique quantique et l\u2019ing\u00e9nierie atomique. Ils r\u00e9alisent des projets majeurs, de la conception de composants opto\u00e9lectroniques \u00e0 l\u2019\u00e9tude de la s\u00e9curit\u00e9 des r\u00e9acteurs industriels.<\/p>\n<p><em>Exemple de projet : Conception d\u2019un r\u00e9acteur modulaire \u00e0 petite \u00e9chelle ou cr\u00e9ation d&#8217;un capteur optique pour des applications m\u00e9dicales.<\/em><\/p>\n<p><strong>Ann\u00e9e de C\u00e9sure entre S8 et S9<\/strong><\/p>\n<p>Apr\u00e8s avoir termin\u00e9 les cours en S8, les \u00e9l\u00e8ves ing\u00e9nieurs peuvent b\u00e9n\u00e9ficier d\u2019une ann\u00e9e de c\u00e9sure pour acqu\u00e9rir une exp\u00e9rience professionnelle gr\u00e2ce \u00e0 des stages, des recherches ou des missions industrielles. Cette ann\u00e9e leur permet de d\u00e9velopper leur r\u00e9seau, d\u2019appliquer leurs comp\u00e9tences dans des environnements r\u00e9els et de gagner une exp\u00e9rience pr\u00e9cieuse qui facilitera leur transition vers l\u2019ing\u00e9nierie avanc\u00e9e en S9.<\/p>\n<p><strong>S9 : Ing\u00e9nierie Avanc\u00e9e<\/strong><\/p>\n<p>Les \u00e9l\u00e8ves ing\u00e9nieurs travaillent sur des projets de haute sp\u00e9cialisation, notamment en nano\u00e9lectronique, photonique et ing\u00e9nierie atomique. Ils sont amen\u00e9s \u00e0 concevoir des circuits int\u00e9gr\u00e9s, des dispositifs quantiques et des syst\u00e8mes photoniques avanc\u00e9s.<\/p>\n<p><em>Exemple de projet : Conception d\u2019un dispositif quantique pour l\u2019informatique de demain ou d\u00e9veloppement d\u2019un capteur nano-photonique pour des applications industrielles.<\/em><\/p>\n<p><strong>Projet Entrepreneurial<\/strong><\/p>\n<p>Tout au long de leur cursus, les \u00e9l\u00e8ves ing\u00e9nieurs sont impliqu\u00e9s dans un projet entrepreneurial unique, leur permettant de passer de la recherche acad\u00e9mique \u00e0 l\u2019innovation commerciale. Ils d\u00e9veloppent une id\u00e9e d\u2019entreprise bas\u00e9e sur leurs travaux de recherche, en cr\u00e9ant des prototypes, en \u00e9laborant des mod\u00e8les \u00e9conomiques et en naviguant dans le processus complexe du lancement d\u2019une startup.<\/p>\n<p><em>Exemple de projet : De la conceptualisation d\u2019une technologie innovante \u00e0 la cr\u00e9ation d&#8217;un business plan pour une startup.<\/em><\/p>\n<p>En combinant une formation scientifique rigoureuse, une expertise en ing\u00e9nierie, une exp\u00e9rience par projet et des comp\u00e9tences multilingues, notre programme pr\u00e9pare les \u00e9l\u00e8ves ing\u00e9nieurs \u00e0 devenir des entrepreneurs, des innovateurs et des leaders dans des secteurs cl\u00e9s. Nos dipl\u00f4m\u00e9s sont ainsi pr\u00eats \u00e0 contribuer \u00e0 l&#8217;avenir des sciences et des technologies, tout en int\u00e9grant une forte dimension de leadership et de vision globale.<\/p>\n<p>L\u2019\u00c9cole d\u2019Ing\u00e9nieur de Physique de l\u2019UM6P s\u2019engage \u00e0 former la prochaine g\u00e9n\u00e9ration de physicien, de leaders africains, capables de contribuer \u00e0 l\u2019essor technologique et au d\u00e9veloppement durable, non seulement en Afrique, mais aussi au niveau mondial.<\/p>\n<p><a href=\"https:\/\/physicsschool.um6p.ma\/wp-content\/uploads\/2026\/03\/Brochure%20Admission%202026.pdf\" class=\"pdfemb-viewer\" style=\"width:600px;height:770px;\" data-width=\"600\" data-height=\"770\" data-toolbar=\"bottom\" data-toolbar-fixed=\"off\">Brochure%20Admission%202026<\/a>[\/vc_column_text][\/vc_column][\/vc_row]<\/p>\n","protected":false},"excerpt":{"rendered":"<p>[vc_row][vc_column width=&#8221;1\/4&#8243;][vc_column_text] Formations Formation d&#8217;Ing\u00e9nieur A propos Cursus Ing\u00e9nieur Voies d&#8217;admissions Frais de Scolarit\u00e9 Bourses et Fellowships Mobilit\u00e9s et stages D\u00e9bouch\u00e9s et carri\u00e8res Partenariats School Teaching Planning Formation Doctorale Master executive Communaut\u00e9 Vie au Campus [\/vc_column_text][\/vc_column][vc_column width=&#8221;3\/4&#8243;][vc_column_text]Notre formation allie des comp\u00e9tences techniques pointues en physique et en ing\u00e9nierie \u00e0 des projets pratiques de grande envergure. [&hellip;]<\/p>\n","protected":false},"author":3,"featured_media":0,"parent":0,"menu_order":0,"comment_status":"closed","ping_status":"closed","template":"","meta":{"_monsterinsights_skip_tracking":false,"_monsterinsights_sitenote_active":false,"_monsterinsights_sitenote_note":"","_monsterinsights_sitenote_category":0,"cybocfi_hide_featured_image":"","footnotes":""},"class_list":["post-6307","page","type-page","status-publish","hentry"],"aioseo_notices":[],"_links":{"self":[{"href":"https:\/\/physicsschool.um6p.ma\/index.php?rest_route=\/wp\/v2\/pages\/6307","targetHints":{"allow":["GET"]}}],"collection":[{"href":"https:\/\/physicsschool.um6p.ma\/index.php?rest_route=\/wp\/v2\/pages"}],"about":[{"href":"https:\/\/physicsschool.um6p.ma\/index.php?rest_route=\/wp\/v2\/types\/page"}],"author":[{"embeddable":true,"href":"https:\/\/physicsschool.um6p.ma\/index.php?rest_route=\/wp\/v2\/users\/3"}],"replies":[{"embeddable":true,"href":"https:\/\/physicsschool.um6p.ma\/index.php?rest_route=%2Fwp%2Fv2%2Fcomments&post=6307"}],"version-history":[{"count":36,"href":"https:\/\/physicsschool.um6p.ma\/index.php?rest_route=\/wp\/v2\/pages\/6307\/revisions"}],"predecessor-version":[{"id":7718,"href":"https:\/\/physicsschool.um6p.ma\/index.php?rest_route=\/wp\/v2\/pages\/6307\/revisions\/7718"}],"wp:attachment":[{"href":"https:\/\/physicsschool.um6p.ma\/index.php?rest_route=%2Fwp%2Fv2%2Fmedia&parent=6307"}],"curies":[{"name":"wp","href":"https:\/\/api.w.org\/{rel}","templated":true}]}}