{"id":6329,"date":"2025-01-11T19:20:12","date_gmt":"2025-01-11T19:20:12","guid":{"rendered":"https:\/\/iap.um6p.ma\/?page_id=6329"},"modified":"2025-09-18T15:15:51","modified_gmt":"2025-09-18T15:15:51","slug":"mobilites-stages","status":"publish","type":"page","link":"https:\/\/physicsschool.um6p.ma\/?page_id=6329","title":{"rendered":"Mobilit\u00e9s et Stages"},"content":{"rendered":"<p>[vc_row][vc_column width=&#8221;1\/4&#8243;][vc_column_text]<\/p>\n<h2 style=\"text-align: left;\"><span style=\"color: #000080;\">Formations<\/span><\/h2>\n<h6 style=\"text-align: left;\"><span style=\"color: #3366ff;\"><a style=\"color: #3366ff;\" href=\"https:\/\/physicsschool.um6p.ma\/?page_id=156\"><u>Formation d&#8217;Ing\u00e9nieur<\/u><\/a><\/span><\/h6>\n<h6 style=\"text-align: left; padding-left: 40px;\"><span style=\"color: #000080;\"><a style=\"color: #000080;\" href=\"https:\/\/physicsschool.um6p.ma\/?page_id=156\"><u>A propos<\/u><\/a><\/span><\/h6>\n<h6 style=\"text-align: left; padding-left: 40px;\"><a href=\"https:\/\/physicsschool.um6p.ma\/?page_id=6307\"><span style=\"color: #000080;\"><u>Cursus Ing\u00e9nieur<\/u><\/span><\/a><\/h6>\n<h6 style=\"text-align: left; padding-left: 40px;\"><a href=\"https:\/\/physicsschool.um6p.ma\/?page_id=6263\"><span style=\"color: #000080;\"><u>Voies d&#8217;admissions<\/u><\/span><\/a><\/h6>\n<h6 style=\"text-align: left; padding-left: 40px;\"><a href=\"https:\/\/physicsschool.um6p.ma\/?page_id=6269\"><span style=\"color: #000080;\"><u>Frais de Scolarit\u00e9<\/u><\/span><\/a><\/h6>\n<h6 style=\"text-align: left; padding-left: 40px;\"><span style=\"color: #000080;\"><a style=\"color: #000080;\" href=\"https:\/\/physicsschool.um6p.ma\/?page_id=6391\"><u>Bourses et Fellowships<\/u><\/a><\/span><\/h6>\n<h6 style=\"text-align: left; padding-left: 40px;\"><span style=\"color: #3366ff;\"><a style=\"color: #3366ff;\" href=\"https:\/\/physicsschool.um6p.ma\/?page_id=6329\"><u>Mobilit\u00e9s et stages<\/u><\/a><\/span><\/h6>\n<h6 style=\"text-align: left; padding-left: 40px;\"><a href=\"https:\/\/physicsschool.um6p.ma\/?page_id=6398\"><span style=\"color: #000080;\"><u>D\u00e9bouch\u00e9s et carri\u00e8res<\/u><\/span><\/a><\/h6>\n<h6 style=\"text-align: left; padding-left: 40px;\"><a href=\"https:\/\/physicsschool.um6p.ma\/?page_id=6402\"><span style=\"color: #000080;\"><u>Partenariats<\/u><\/span><\/a><\/h6>\n<h6 style=\"text-align: left; padding-left: 40px;\"><span style=\"text-decoration: underline;\"><a href=\"https:\/\/physicsschool.um6p.ma\/?page_id=7405\"><span style=\"color: #000080; text-decoration: underline;\">School Teaching Planning<\/span><\/a><\/span><\/h6>\n<h6 style=\"text-align: left;\"><a href=\"https:\/\/physicsschool.um6p.ma\/?page_id=174\"><span style=\"color: #000080;\"><u>Formation Doctorale<\/u><\/span><\/a><\/h6>\n<h6 style=\"text-align: left;\"><a href=\"https:\/\/physicsschool.um6p.ma\/?page_id=4884\"><span style=\"color: #000080;\"><u>Master executive<\/u><\/span><\/a><\/h6>\n<h6 style=\"text-align: left;\"><a href=\"https:\/\/physicsschool.um6p.ma\/?page_id=94\"><span style=\"color: #000080;\"><u>Communaut\u00e9<\/u><\/span><\/a><\/h6>\n<h6 style=\"text-align: left;\"><a href=\"https:\/\/um6p.ma\/fr\/vie-au-campus\"><span style=\"color: #000080;\"><u>Vie au Campus<\/u><\/span><\/a><\/h6>\n<p>[\/vc_column_text][\/vc_column][vc_column width=&#8221;3\/4&#8243;][vc_column_text]\u00c0 la <strong>School of Applied and Engineering Physics<\/strong> de l\u2019<strong>UM6P<\/strong>, nous offrons \u00e0 nos \u00e9tudiants des <strong>opportunit\u00e9s de mobilit\u00e9 internationale<\/strong> et de stages gr\u00e2ce \u00e0 nos partenariats avec des institutions prestigieuses telles que l&#8217;<strong>Universit\u00e9 de Sherbrooke<\/strong>, <strong>Georgetown University<\/strong>, le <strong>CERN<\/strong>, et bien d&#8217;autres.<\/p>\n<p>Nous proposons \u00e9galement des <strong>bourses de mobilit\u00e9<\/strong> et des <strong>stages Erasmus+<\/strong> pour l&#8217;Europe, permettant \u00e0 nos \u00e9tudiants de vivre des exp\u00e9riences enrichissantes dans des \u00e9tablissements de renom comme <strong>CEITEC<\/strong>, l&#8217;<strong>Universit\u00e9 Paris Cit\u00e9<\/strong>, et d&#8217;autres, tout en b\u00e9n\u00e9ficiant d&#8217;un soutien financier.<\/p>\n<p>Ces opportunit\u00e9s permettent \u00e0 nos \u00e9tudiants de d\u00e9velopper leurs comp\u00e9tences dans un environnement global, d\u2019acc\u00e9der \u00e0 des <strong>laboratoires de pointe<\/strong>, et de collaborer avec des chercheurs et professionnels de classe mondiale. Elles renforcent ainsi leur <strong>employabilit\u00e9<\/strong> en les immergeant dans des contextes scientifiques et industriels vari\u00e9s.<\/p>\n<p><img loading=\"lazy\" decoding=\"async\" class=\"\" src=\"https:\/\/www.1min30.com\/wp-content\/uploads\/2018\/02\/Couleur-logo-Erasmus.jpg\" alt=\"Erasmus logo : histoire, signification et \u00e9volution, symbole\" width=\"219\" height=\"123\" \/><\/p>\n<p>.[\/vc_column_text][\/vc_column][\/vc_row]<\/p>\n","protected":false},"excerpt":{"rendered":"<p>[vc_row][vc_column width=&#8221;1\/4&#8243;][vc_column_text] Formations Formation d&#8217;Ing\u00e9nieur A propos Cursus Ing\u00e9nieur Voies d&#8217;admissions Frais de Scolarit\u00e9 Bourses et Fellowships Mobilit\u00e9s et stages D\u00e9bouch\u00e9s et carri\u00e8res Partenariats School Teaching Planning Formation Doctorale Master executive Communaut\u00e9 Vie au Campus [\/vc_column_text][\/vc_column][vc_column width=&#8221;3\/4&#8243;][vc_column_text]\u00c0 la School of Applied and Engineering Physics de l\u2019UM6P, nous offrons \u00e0 nos \u00e9tudiants des opportunit\u00e9s de mobilit\u00e9 [&hellip;]<\/p>\n","protected":false},"author":3,"featured_media":0,"parent":0,"menu_order":0,"comment_status":"closed","ping_status":"closed","template":"","meta":{"_monsterinsights_skip_tracking":false,"_monsterinsights_sitenote_active":false,"_monsterinsights_sitenote_note":"","_monsterinsights_sitenote_category":0,"cybocfi_hide_featured_image":"","footnotes":""},"class_list":["post-6329","page","type-page","status-publish","hentry"],"aioseo_notices":[],"_links":{"self":[{"href":"https:\/\/physicsschool.um6p.ma\/index.php?rest_route=\/wp\/v2\/pages\/6329","targetHints":{"allow":["GET"]}}],"collection":[{"href":"https:\/\/physicsschool.um6p.ma\/index.php?rest_route=\/wp\/v2\/pages"}],"about":[{"href":"https:\/\/physicsschool.um6p.ma\/index.php?rest_route=\/wp\/v2\/types\/page"}],"author":[{"embeddable":true,"href":"https:\/\/physicsschool.um6p.ma\/index.php?rest_route=\/wp\/v2\/users\/3"}],"replies":[{"embeddable":true,"href":"https:\/\/physicsschool.um6p.ma\/index.php?rest_route=%2Fwp%2Fv2%2Fcomments&post=6329"}],"version-history":[{"count":24,"href":"https:\/\/physicsschool.um6p.ma\/index.php?rest_route=\/wp\/v2\/pages\/6329\/revisions"}],"predecessor-version":[{"id":7547,"href":"https:\/\/physicsschool.um6p.ma\/index.php?rest_route=\/wp\/v2\/pages\/6329\/revisions\/7547"}],"wp:attachment":[{"href":"https:\/\/physicsschool.um6p.ma\/index.php?rest_route=%2Fwp%2Fv2%2Fmedia&parent=6329"}],"curies":[{"name":"wp","href":"https:\/\/api.w.org\/{rel}","templated":true}]}}