{"id":6391,"date":"2025-01-11T21:53:01","date_gmt":"2025-01-11T21:53:01","guid":{"rendered":"https:\/\/iap.um6p.ma\/?page_id=6391"},"modified":"2026-04-06T14:26:31","modified_gmt":"2026-04-06T14:26:31","slug":"bourses-et-fellowships","status":"publish","type":"page","link":"https:\/\/physicsschool.um6p.ma\/?page_id=6391","title":{"rendered":"Bourses et Fellowships"},"content":{"rendered":"<p>[vc_row][vc_column width=&#8221;1\/4&#8243;][vc_column_text]<\/p>\n<h2 style=\"text-align: left;\"><span style=\"color: #000080;\">Formations<\/span><\/h2>\n<h6 style=\"text-align: left;\"><span style=\"color: #3366ff;\"><a style=\"color: #3366ff;\" href=\"https:\/\/physicsschool.um6p.ma\/?page_id=156\"><u>Formation d&#8217;Ing\u00e9nieur<\/u><\/a><\/span><\/h6>\n<h6 style=\"text-align: left; padding-left: 40px;\"><span style=\"color: #000080;\"><a style=\"color: #000080;\" href=\"https:\/\/physicsschool.um6p.ma\/?page_id=156\"><u>A propos<\/u><\/a><\/span><\/h6>\n<h6 style=\"text-align: left; padding-left: 40px;\"><a href=\"https:\/\/physicsschool.um6p.ma\/?page_id=6307\"><span style=\"color: #000080;\"><u>Cursus Ing\u00e9nieur<\/u><\/span><\/a><\/h6>\n<h6 style=\"text-align: left; padding-left: 40px;\"><a href=\"https:\/\/physicsschool.um6p.ma\/?page_id=6263\"><span style=\"color: #000080;\"><u>Voies d&#8217;admissions<\/u><\/span><\/a><\/h6>\n<h6 style=\"text-align: left; padding-left: 40px;\"><a href=\"https:\/\/physicsschool.um6p.ma\/?page_id=6269\"><span style=\"color: #000080;\"><u>Frais de Scolarit\u00e9<\/u><\/span><\/a><\/h6>\n<h6 style=\"text-align: left; padding-left: 40px;\"><span style=\"color: #3366ff;\"><a style=\"color: #3366ff;\" href=\"https:\/\/physicsschool.um6p.ma\/?page_id=6391\"><u>Bourses et Fellowships<\/u><\/a><\/span><\/h6>\n<h6 style=\"text-align: left; padding-left: 40px;\"><a href=\"https:\/\/physicsschool.um6p.ma\/?page_id=6329\"><span style=\"color: #000080;\"><u>Mobilit\u00e9s et stages<\/u><\/span><\/a><\/h6>\n<h6 style=\"text-align: left; padding-left: 40px;\"><a href=\"https:\/\/physicsschool.um6p.ma\/?page_id=6398\"><span style=\"color: #000080;\"><u>D\u00e9bouch\u00e9s et carri\u00e8res<\/u><\/span><\/a><\/h6>\n<h6 style=\"text-align: left; padding-left: 40px;\"><a href=\"https:\/\/physicsschool.um6p.ma\/?page_id=6402\"><span style=\"color: #000080;\"><u>Partenariats<\/u><\/span><\/a><\/h6>\n<h6 style=\"text-align: left; padding-left: 40px;\"><span style=\"text-decoration: underline;\"><a href=\"https:\/\/physicsschool.um6p.ma\/?page_id=7405\"><span style=\"color: #000080; text-decoration: underline;\">School Teaching Planning<\/span><\/a><\/span><\/h6>\n<h6 style=\"text-align: left;\"><a href=\"https:\/\/physicsschool.um6p.ma\/?page_id=174\"><span style=\"color: #000080;\"><u>Formation Doctorale<\/u><\/span><\/a><\/h6>\n<h6 style=\"text-align: left;\"><a href=\"https:\/\/physicsschool.um6p.ma\/?page_id=4884\"><span style=\"color: #000080;\"><u>Master executive<\/u><\/span><\/a><\/h6>\n<h6 style=\"text-align: left;\"><a href=\"https:\/\/physicsschool.um6p.ma\/?page_id=94\"><span style=\"color: #000080;\"><u>Communaut\u00e9<\/u><\/span><\/a><\/h6>\n<h6 style=\"text-align: left;\"><a href=\"https:\/\/um6p.ma\/fr\/vie-au-campus\"><span style=\"color: #000080;\"><u>Vie au Campus<\/u><\/span><\/a><\/h6>\n<p>[\/vc_column_text][\/vc_column][vc_column width=&#8221;3\/4&#8243;][vc_column_text]<strong>BOURSES<\/strong><br \/>\nLes frais de scolarit\u00e9 pour les laur\u00e9ats des concours inscrits \u00e0 la <strong>School of Applied and Engineering Physics de l\u2019UM6P<\/strong> s\u2019\u00e9l\u00e8vent \u00e0 <strong>78 750 DH par an<\/strong>. Trois types de bourses sont disponibles, destin\u00e9es \u00e0 couvrir tout ou une partie des frais de scolarit\u00e9, de logement et de restauration :<\/p>\n<ol>\n<li><strong>Bourses UM6P sous Conditions Sociales (BUCS)*<\/strong> : Attribu\u00e9es en fonction des revenus et charges des familles, ces bourses sont destin\u00e9es \u00e0 couvrir tout ou une partie des frais de scolarit\u00e9, de logement et de restauration.<\/li>\n<li><strong>Bourses d\u2019Excellence (BE)*<\/strong> : Attribu\u00e9es aux majorants des concours d\u2019admission \u00e0 l\u2019UM6P, ind\u00e9pendamment des conditions sociales, ces bourses couvrent tout ou une partie des frais de scolarit\u00e9 non couverts par la Bourse UM6P sous Conditions Sociales.<\/li>\n<li><strong>Bourses d\u2019Excellence Industrielles (BEI)*<\/strong> : Ces bourses sont attribu\u00e9es par les industriels partenaires de la <strong>School of Applied and Engineering Physics de l\u2019UM6P<\/strong> et sont r\u00e9serv\u00e9es aux laur\u00e9ats class\u00e9s parmi les meilleurs. Elles couvrent tout ou partie des frais de scolarit\u00e9 non pris en charge par la Bourse UM6P sous Conditions Sociales (BUCS). Les candidats int\u00e9ress\u00e9s peuvent consulter la section <a href=\"https:\/\/physicsschool.um6p.ma\/?page_id=6025\">Partenariat<\/a> de la School of Applied and Engineering Physics de l&#8217;UM6P.<\/li>\n<\/ol>\n<p>Les candidats int\u00e9ress\u00e9s peuvent consulter toutes les informations n\u00e9cessaires sur le site\u00a0 l&#8217;UM6P \u00e0: <span style=\"color: #ff6600;\"><a style=\"color: #ff6600;\" href=\"https:\/\/um6p.ma\/fr\/frais-de-scolarite-et-bourses\">https:\/\/um6p.ma\/fr\/frais-de-scolarite-et-bourses<\/a><\/span>[\/vc_column_text][\/vc_column][\/vc_row][vc_row][vc_column][vc_column_text]* Les d\u00e9lais de soumission et de traitement des demandes de bourse suivent les r\u00e8gles internes de l&#8217;UM6P.[\/vc_column_text][\/vc_column][\/vc_row]<\/p>\n","protected":false},"excerpt":{"rendered":"<p>[vc_row][vc_column width=&#8221;1\/4&#8243;][vc_column_text] Formations Formation d&#8217;Ing\u00e9nieur A propos Cursus Ing\u00e9nieur Voies d&#8217;admissions Frais de Scolarit\u00e9 Bourses et Fellowships Mobilit\u00e9s et stages D\u00e9bouch\u00e9s et carri\u00e8res Partenariats School Teaching Planning Formation Doctorale Master executive Communaut\u00e9 Vie au Campus [\/vc_column_text][\/vc_column][vc_column width=&#8221;3\/4&#8243;][vc_column_text]BOURSES Les frais de scolarit\u00e9 pour les laur\u00e9ats des concours inscrits \u00e0 la School of Applied and Engineering Physics [&hellip;]<\/p>\n","protected":false},"author":3,"featured_media":0,"parent":0,"menu_order":0,"comment_status":"closed","ping_status":"closed","template":"","meta":{"_monsterinsights_skip_tracking":false,"_monsterinsights_sitenote_active":false,"_monsterinsights_sitenote_note":"","_monsterinsights_sitenote_category":0,"cybocfi_hide_featured_image":"","footnotes":""},"class_list":["post-6391","page","type-page","status-publish","hentry"],"aioseo_notices":[],"_links":{"self":[{"href":"https:\/\/physicsschool.um6p.ma\/index.php?rest_route=\/wp\/v2\/pages\/6391","targetHints":{"allow":["GET"]}}],"collection":[{"href":"https:\/\/physicsschool.um6p.ma\/index.php?rest_route=\/wp\/v2\/pages"}],"about":[{"href":"https:\/\/physicsschool.um6p.ma\/index.php?rest_route=\/wp\/v2\/types\/page"}],"author":[{"embeddable":true,"href":"https:\/\/physicsschool.um6p.ma\/index.php?rest_route=\/wp\/v2\/users\/3"}],"replies":[{"embeddable":true,"href":"https:\/\/physicsschool.um6p.ma\/index.php?rest_route=%2Fwp%2Fv2%2Fcomments&post=6391"}],"version-history":[{"count":20,"href":"https:\/\/physicsschool.um6p.ma\/index.php?rest_route=\/wp\/v2\/pages\/6391\/revisions"}],"predecessor-version":[{"id":7760,"href":"https:\/\/physicsschool.um6p.ma\/index.php?rest_route=\/wp\/v2\/pages\/6391\/revisions\/7760"}],"wp:attachment":[{"href":"https:\/\/physicsschool.um6p.ma\/index.php?rest_route=%2Fwp%2Fv2%2Fmedia&parent=6391"}],"curies":[{"name":"wp","href":"https:\/\/api.w.org\/{rel}","templated":true}]}}