{"id":6402,"date":"2025-01-11T21:57:19","date_gmt":"2025-01-11T21:57:19","guid":{"rendered":"https:\/\/iap.um6p.ma\/?page_id=6402"},"modified":"2026-04-06T14:29:08","modified_gmt":"2026-04-06T14:29:08","slug":"partenariats","status":"publish","type":"page","link":"https:\/\/physicsschool.um6p.ma\/?page_id=6402","title":{"rendered":"Partenariats"},"content":{"rendered":"<p>[vc_row][vc_column width=&#8221;1\/4&#8243;][vc_column_text]<\/p>\n<h2 style=\"text-align: left;\"><span style=\"color: #000080;\">Formations<\/span><\/h2>\n<h6 style=\"text-align: left;\"><span style=\"color: #3366ff;\"><a style=\"color: #3366ff;\" href=\"https:\/\/physicsschool.um6p.ma\/?page_id=156\"><u>Formation d&#8217;Ing\u00e9nieur<\/u><\/a><\/span><\/h6>\n<h6 style=\"text-align: left; padding-left: 40px;\"><span style=\"color: #000080;\"><a style=\"color: #000080;\" href=\"https:\/\/physicsschool.um6p.ma\/?page_id=156\"><u>A propos<\/u><\/a><\/span><\/h6>\n<h6 style=\"text-align: left; padding-left: 40px;\"><a href=\"https:\/\/physicsschool.um6p.ma\/?page_id=6307\"><span style=\"color: #000080;\"><u>Cursus Ing\u00e9nieur<\/u><\/span><\/a><\/h6>\n<h6 style=\"text-align: left; padding-left: 40px;\"><a href=\"https:\/\/physicsschool.um6p.ma\/?page_id=6263\"><span style=\"color: #000080;\"><u>Voies d&#8217;admissions<\/u><\/span><\/a><\/h6>\n<h6 style=\"text-align: left; padding-left: 40px;\"><a href=\"https:\/\/physicsschool.um6p.ma\/?page_id=6269\"><span style=\"color: #000080;\"><u>Frais de Scolarit\u00e9<\/u><\/span><\/a><\/h6>\n<h6 style=\"text-align: left; padding-left: 40px;\"><span style=\"color: #000080;\"><a style=\"color: #000080;\" href=\"https:\/\/physicsschool.um6p.ma\/?page_id=6391\"><u>Bourses et Fellowships<\/u><\/a><\/span><\/h6>\n<h6 style=\"text-align: left; padding-left: 40px;\"><a href=\"https:\/\/physicsschool.um6p.ma\/?page_id=6329\"><span style=\"color: #000080;\"><u>Mobilit\u00e9s et stages<\/u><\/span><\/a><\/h6>\n<h6 style=\"text-align: left; padding-left: 40px;\"><a href=\"https:\/\/physicsschool.um6p.ma\/?page_id=6398\"><span style=\"color: #000080;\"><u>D\u00e9bouch\u00e9s et carri\u00e8res<\/u><\/span><\/a><\/h6>\n<h6 style=\"text-align: left; padding-left: 40px;\"><span style=\"color: #3366ff;\"><a style=\"color: #3366ff;\" href=\"https:\/\/physicsschool.um6p.ma\/?page_id=6402\"><u>Partenariats<\/u><\/a><\/span><\/h6>\n<h6 style=\"text-align: left; padding-left: 40px;\"><span style=\"text-decoration: underline;\"><a href=\"https:\/\/physicsschool.um6p.ma\/?page_id=7405\"><span style=\"color: #000080; text-decoration: underline;\">School Teaching Planning<\/span><\/a><\/span><\/h6>\n<h6 style=\"text-align: left;\"><a href=\"https:\/\/physicsschool.um6p.ma\/?page_id=174\"><span style=\"color: #000080;\"><u>Formation Doctorale<\/u><\/span><\/a><\/h6>\n<h6 style=\"text-align: left;\"><a href=\"https:\/\/physicsschool.um6p.ma\/?page_id=4884\"><span style=\"color: #000080;\"><u>Master executive<\/u><\/span><\/a><\/h6>\n<h6 style=\"text-align: left;\"><a href=\"https:\/\/physicsschool.um6p.ma\/?page_id=94\"><span style=\"color: #000080;\"><u>Communaut\u00e9<\/u><\/span><\/a><\/h6>\n<h6 style=\"text-align: left;\"><a href=\"https:\/\/um6p.ma\/fr\/vie-au-campus\"><span style=\"color: #000080;\"><u>Vie au Campus<\/u><\/span><\/a><\/h6>\n<p>[\/vc_column_text][\/vc_column][vc_column width=&#8221;3\/4&#8243;][vc_column_text]<strong>La School of Applied and Engineering Physics de l\u2019UM6P<\/strong> cr\u00e9e des partenariats strat\u00e9giques avec des leaders industriels, tant au niveau national qu\u2019international, dans l\u2019int\u00e9r\u00eat de ses \u00e9tudiants. Parmi les partenariats cl\u00e9s d\u00e9j\u00e0 \u00e9tablis, <strong>Assystem<\/strong> et <strong>NUVIA<\/strong>, deux acteurs mondiaux majeurs dans les domaines de l\u2019ing\u00e9nierie et de la s\u00fbret\u00e9 nucl\u00e9aire, collaborent pour soutenir le d\u00e9veloppement des comp\u00e9tences dans le secteur nucl\u00e9aire au Maroc.<\/p>\n<p>Ce partenariat ouvre des perspectives nombreuses et enrichissantes pour nos \u00e9tudiants et dipl\u00f4m\u00e9s :<\/p>\n<ul>\n<li><strong>Stages pratiques<\/strong> : Des opportunit\u00e9s de stages au sein d&#8217;Assystem et NUVIA, permettant une immersion concr\u00e8te dans le secteur nucl\u00e9aire.<\/li>\n<li><strong>Formations sp\u00e9cialis\u00e9es<\/strong> : Des programmes de formation cibl\u00e9s pour renforcer les comp\u00e9tences techniques et professionnelles des futurs ing\u00e9nieurs.<\/li>\n<li><strong>Recrutement des dipl\u00f4m\u00e9s<\/strong> : Des perspectives de carri\u00e8re uniques au sein de ces leaders de l\u2019industrie nucl\u00e9aire.<\/li>\n<li><strong>\u00c9change d\u2019expertise<\/strong> : Une collaboration dynamique favorisant le partage de connaissances et d&#8217;expertises pour une croissance mutuelle.<\/li>\n<\/ul>\n<p><span style=\"color: #ff6600;\"><a style=\"color: #ff6600;\" href=\"https:\/\/www.assystem.com\/fr\/actualites\/assystem-soutient-le-developpement-des-competences-nucleaires-au-maroc\/\">https:\/\/www.assystem.com\/fr\/actualites\/assystem-soutient-le-developpement-des-competences-<\/a><\/span><\/p>\n<p>Cliquez sur ce lien pour plus de d\u00e9tails sur nos partenariats industriels :[\/vc_column_text][vc_btn title=&#8221;Partenariats industriels&#8221; color=&#8221;warning&#8221; size=&#8221;lg&#8221; align=&#8221;center&#8221; link=&#8221;url:https%3A%2F%2Fphysicsschool.um6p.ma%2F%3Fpage_id%3D6025&#8243;][\/vc_column][\/vc_row]<\/p>\n","protected":false},"excerpt":{"rendered":"<p>[vc_row][vc_column width=&#8221;1\/4&#8243;][vc_column_text] Formations Formation d&#8217;Ing\u00e9nieur A propos Cursus Ing\u00e9nieur Voies d&#8217;admissions Frais de Scolarit\u00e9 Bourses et Fellowships Mobilit\u00e9s et stages D\u00e9bouch\u00e9s et carri\u00e8res Partenariats School Teaching Planning Formation Doctorale Master executive Communaut\u00e9 Vie au Campus [\/vc_column_text][\/vc_column][vc_column width=&#8221;3\/4&#8243;][vc_column_text]La School of Applied and Engineering Physics de l\u2019UM6P cr\u00e9e des partenariats strat\u00e9giques avec des leaders industriels, tant au [&hellip;]<\/p>\n","protected":false},"author":3,"featured_media":0,"parent":0,"menu_order":0,"comment_status":"closed","ping_status":"closed","template":"","meta":{"_monsterinsights_skip_tracking":false,"_monsterinsights_sitenote_active":false,"_monsterinsights_sitenote_note":"","_monsterinsights_sitenote_category":0,"cybocfi_hide_featured_image":"","footnotes":""},"class_list":["post-6402","page","type-page","status-publish","hentry"],"aioseo_notices":[],"_links":{"self":[{"href":"https:\/\/physicsschool.um6p.ma\/index.php?rest_route=\/wp\/v2\/pages\/6402","targetHints":{"allow":["GET"]}}],"collection":[{"href":"https:\/\/physicsschool.um6p.ma\/index.php?rest_route=\/wp\/v2\/pages"}],"about":[{"href":"https:\/\/physicsschool.um6p.ma\/index.php?rest_route=\/wp\/v2\/types\/page"}],"author":[{"embeddable":true,"href":"https:\/\/physicsschool.um6p.ma\/index.php?rest_route=\/wp\/v2\/users\/3"}],"replies":[{"embeddable":true,"href":"https:\/\/physicsschool.um6p.ma\/index.php?rest_route=%2Fwp%2Fv2%2Fcomments&post=6402"}],"version-history":[{"count":17,"href":"https:\/\/physicsschool.um6p.ma\/index.php?rest_route=\/wp\/v2\/pages\/6402\/revisions"}],"predecessor-version":[{"id":7761,"href":"https:\/\/physicsschool.um6p.ma\/index.php?rest_route=\/wp\/v2\/pages\/6402\/revisions\/7761"}],"wp:attachment":[{"href":"https:\/\/physicsschool.um6p.ma\/index.php?rest_route=%2Fwp%2Fv2%2Fmedia&parent=6402"}],"curies":[{"name":"wp","href":"https:\/\/api.w.org\/{rel}","templated":true}]}}