{"id":6416,"date":"2025-01-11T22:00:45","date_gmt":"2025-01-11T22:00:45","guid":{"rendered":"https:\/\/iap.um6p.ma\/?page_id=6416"},"modified":"2026-04-06T14:34:19","modified_gmt":"2026-04-06T14:34:19","slug":"phd-lab-meeting","status":"publish","type":"page","link":"https:\/\/physicsschool.um6p.ma\/?page_id=6416","title":{"rendered":"PhD Lab Meeting"},"content":{"rendered":"<p>[vc_row][vc_column width=&#8221;1\/4&#8243;][vc_column_text]<\/p>\n<h2 style=\"text-align: left;\"><span style=\"color: #000080;\">Formations<\/span><\/h2>\n<h6 style=\"text-align: left;\"><span style=\"color: #000080;\"><a style=\"color: #000080;\" href=\"https:\/\/physicsschool.um6p.ma\/?page_id=156\"><u>Formation d&#8217;Ing\u00e9nieur<\/u><\/a><\/span><\/h6>\n<h6 style=\"text-align: left;\"><span style=\"color: #3366ff;\"><a style=\"color: #3366ff;\" href=\"https:\/\/physicsschool.um6p.ma\/?page_id=174\"><u>Formation Doctorale<\/u><\/a><\/span><\/h6>\n<h6 style=\"text-align: left; padding-left: 40px;\"><span style=\"color: #000080;\"><a style=\"color: #000080;\" href=\"https:\/\/physicsschool.um6p.ma\/?page_id=174\"><u>A propos<\/u><\/a><\/span><\/h6>\n<h6 style=\"text-align: left; padding-left: 40px;\"><span style=\"color: #3366ff;\"><a style=\"color: #3366ff;\" href=\"https:\/\/physicsschool.um6p.ma\/?page_id=6416\"><u>PhD Lab Meeting<\/u><\/a><\/span><\/h6>\n<h6 style=\"text-align: left; padding-left: 40px;\"><span style=\"color: #000080;\"><a style=\"color: #000080;\" href=\"https:\/\/physicsschool.um6p.ma\/?page_id=6420\"><u>Journal Club<\/u><\/a><\/span><\/h6>\n<h6 style=\"text-align: left; padding-left: 40px;\"><span style=\"color: #000080;\"><a style=\"color: #000080;\" href=\"https:\/\/physicsschool.um6p.ma\/?page_id=6424\"><u>Offres de th\u00e8ses<\/u><\/a><\/span><\/h6>\n<h6 style=\"text-align: left;\"><span style=\"color: #000080;\"><a style=\"color: #000080;\" href=\"https:\/\/physicsschool.um6p.ma\/?page_id=4884\"><u>Master executive<\/u><\/a><\/span><\/h6>\n<h6 style=\"text-align: left;\"><a href=\"https:\/\/physicsschool.um6p.ma\/?page_id=94\"><span style=\"color: #000080;\"><u>Communaut\u00e9<\/u><\/span><\/a><\/h6>\n<h6 style=\"text-align: left;\"><a href=\"https:\/\/um6p.ma\/fr\/vie-au-campus\"><span style=\"color: #000080;\"><u>Vie au Campus<\/u><\/span><\/a><\/h6>\n<p>[\/vc_column_text][\/vc_column][vc_column width=&#8221;3\/4&#8243;][vc_column_text]Le <strong>PhD Lab Meeting<\/strong> est une r\u00e9union mensuelle organis\u00e9e chaque premier lundi du mois \u00e0 partir de 14h00. Cet \u00e9v\u00e9nement sert de plateforme d\u2019\u00e9change o\u00f9 les doctorants pr\u00e9sentent leurs avanc\u00e9es de recherche devant l\u2019ensemble de l\u2019\u00e9quipe acad\u00e9mique et leurs pairs.<\/p>\n<p>L\u2019objectif principal de ces rencontres est de <strong>partager les r\u00e9sultats scientifiques<\/strong>, d\u2019<strong>analyser les d\u00e9fis rencontr\u00e9s<\/strong> et de <strong>r\u00e9fl\u00e9chir collectivement \u00e0 des solutions innovantes<\/strong>, qu&#8217;elles soient d\u2019ordre physique ou m\u00e9thodologique.<\/p>\n<p>Ce moment d\u2019interaction favorise la <strong>collaboration<\/strong>, stimule les <strong>id\u00e9es nouvelles<\/strong> et renforce l\u2019<strong>esprit d\u2019\u00e9quipe<\/strong> au sein de notre communaut\u00e9 scientifique. C&#8217;est une excellente opportunit\u00e9 pour nos doctorants de <strong>perfectionner leurs comp\u00e9tences en communication scientifique<\/strong> et de recevoir des <strong>retours constructifs<\/strong> sur leurs travaux.<\/p>\n<p><a href=\"https:\/\/teams.microsoft.com\/l\/meetup-join\/19%3ameeting_M2Y1Mzc2Y2UtZmVhZC00YTlhLTg4Y2QtNzliNzFjODJhMWRj%40thread.v2\/0?context=%7b%22Tid%22%3a%2239626157-a047-4689-87a2-6fa645cb5cb7%22%2c%22Oid%22%3a%22c8ab663c-e96d-4497-aea0-97fdcbd71f68%22%7d\"><span style=\"text-decoration: underline;\"><span style=\"color: #0000ff; text-decoration: underline;\">Teams link<\/span><\/span><\/a>[\/vc_column_text][\/vc_column][\/vc_row]<\/p>\n","protected":false},"excerpt":{"rendered":"<p>[vc_row][vc_column width=&#8221;1\/4&#8243;][vc_column_text] Formations Formation d&#8217;Ing\u00e9nieur Formation Doctorale A propos PhD Lab Meeting Journal Club Offres de th\u00e8ses Master executive Communaut\u00e9 Vie au Campus [\/vc_column_text][\/vc_column][vc_column width=&#8221;3\/4&#8243;][vc_column_text]Le PhD Lab Meeting est une r\u00e9union mensuelle organis\u00e9e chaque premier lundi du mois \u00e0 partir de 14h00. Cet \u00e9v\u00e9nement sert de plateforme d\u2019\u00e9change o\u00f9 les doctorants pr\u00e9sentent leurs avanc\u00e9es de [&hellip;]<\/p>\n","protected":false},"author":3,"featured_media":0,"parent":0,"menu_order":0,"comment_status":"closed","ping_status":"closed","template":"","meta":{"_monsterinsights_skip_tracking":false,"_monsterinsights_sitenote_active":false,"_monsterinsights_sitenote_note":"","_monsterinsights_sitenote_category":0,"cybocfi_hide_featured_image":"","footnotes":""},"class_list":["post-6416","page","type-page","status-publish","hentry"],"aioseo_notices":[],"_links":{"self":[{"href":"https:\/\/physicsschool.um6p.ma\/index.php?rest_route=\/wp\/v2\/pages\/6416","targetHints":{"allow":["GET"]}}],"collection":[{"href":"https:\/\/physicsschool.um6p.ma\/index.php?rest_route=\/wp\/v2\/pages"}],"about":[{"href":"https:\/\/physicsschool.um6p.ma\/index.php?rest_route=\/wp\/v2\/types\/page"}],"author":[{"embeddable":true,"href":"https:\/\/physicsschool.um6p.ma\/index.php?rest_route=\/wp\/v2\/users\/3"}],"replies":[{"embeddable":true,"href":"https:\/\/physicsschool.um6p.ma\/index.php?rest_route=%2Fwp%2Fv2%2Fcomments&post=6416"}],"version-history":[{"count":14,"href":"https:\/\/physicsschool.um6p.ma\/index.php?rest_route=\/wp\/v2\/pages\/6416\/revisions"}],"predecessor-version":[{"id":7762,"href":"https:\/\/physicsschool.um6p.ma\/index.php?rest_route=\/wp\/v2\/pages\/6416\/revisions\/7762"}],"wp:attachment":[{"href":"https:\/\/physicsschool.um6p.ma\/index.php?rest_route=%2Fwp%2Fv2%2Fmedia&parent=6416"}],"curies":[{"name":"wp","href":"https:\/\/api.w.org\/{rel}","templated":true}]}}