{"id":6428,"date":"2025-01-11T22:03:44","date_gmt":"2025-01-11T22:03:44","guid":{"rendered":"https:\/\/iap.um6p.ma\/?page_id=6428"},"modified":"2025-01-11T23:12:42","modified_gmt":"2025-01-11T23:12:42","slug":"ville-de-benguerir","status":"publish","type":"page","link":"https:\/\/physicsschool.um6p.ma\/?page_id=6428","title":{"rendered":"Ville de Benguerir"},"content":{"rendered":"<p>[vc_row][vc_column width=&#8221;1\/4&#8243;][vc_column_text]<\/p>\n<h2 style=\"text-align: left;\"><span style=\"color: #000080;\">Formations<\/span><\/h2>\n<h6 style=\"text-align: left;\"><span style=\"color: #000080;\"><a style=\"color: #000080;\" href=\"https:\/\/iap.um6p.ma\/?page_id=156\"><u>Formation d&#8217;Ing\u00e9nieur<\/u><\/a><\/span><\/h6>\n<h6 style=\"text-align: left;\"><span style=\"color: #000080;\"><a style=\"color: #000080;\" href=\"https:\/\/iap.um6p.ma\/?page_id=4884\"><u>Master executive<\/u><\/a><\/span><\/h6>\n<h6 style=\"text-align: left;\"><span style=\"color: #000080;\"><a style=\"color: #000080;\" href=\"https:\/\/iap.um6p.ma\/?page_id=174\"><u>Etudes doctorales<\/u><\/a><\/span><\/h6>\n<h6 style=\"text-align: left;\"><span style=\"color: #3366ff;\"><a style=\"color: #3366ff;\" href=\"https:\/\/iap.um6p.ma\/?page_id=94\"><u>Communaut\u00e9<\/u><\/a><\/span><\/h6>\n<h6 style=\"text-align: left; padding-left: 40px;\"><span style=\"color: #3366ff;\"><a style=\"color: #3366ff;\" href=\"https:\/\/iap.um6p.ma\/?page_id=6428\"><u>Ville de Benguerir<\/u><\/a><\/span><\/h6>\n<h6 style=\"text-align: left; padding-left: 40px;\"><span style=\"color: #000080;\"><a style=\"color: #000080;\" href=\"https:\/\/iap.um6p.ma\/?page_id=6431\"><u>Ville de Laayoune<\/u><\/a><\/span><\/h6>\n<h6 style=\"text-align: left; padding-left: 40px;\"><span style=\"color: #000080;\"><a style=\"color: #000080;\" href=\"https:\/\/iap.um6p.ma\/?page_id=6434\"><u>Contactez-Nous<\/u><\/a><\/span><\/h6>\n<h6 style=\"text-align: left;\"><a href=\"https:\/\/iap.um6p.ma\/?page_id=4894\"><span style=\"color: #000080;\"><u>Vie au Campus<\/u><\/span><\/a><\/h6>\n<p>[\/vc_column_text][\/vc_column][vc_column width=&#8221;3\/4&#8243;][vc_column_text]Notre communaut\u00e9 est compos\u00e9e de membres du corps professoral, de personnel, de chercheurs, de boursiers en \u00e9ducation et de chercheurs postdoctoraux. En plus des activit\u00e9s d&#8217;enseignement et de recherche scientifique, les membres de l\u2019\u00c9cole de Physique Appliqu\u00e9e et d\u2019Ing\u00e9nierie sont impliqu\u00e9s dans des activit\u00e9s parascolaires telles que le <span style=\"text-decoration: underline;\"><a href=\"https:\/\/iap.um6p.ma\/?page_id=174\"><span style=\"color: #ff6600; text-decoration: underline;\">Journal Club de l&#8217;UM6P<\/span><\/a><\/span> et <a href=\"https:\/\/iap.um6p.ma\/?page_id=169\"><span style=\"text-decoration: underline;\"><span style=\"color: #ff6600; text-decoration: underline;\">l\u2019Initiative UM6P CubeSat<\/span><\/span><\/a>, afin de d\u00e9velopper l&#8217;esprit scientifique des \u00e9tudiants et de la communaut\u00e9 sur le campus.<\/p>\n<p>De plus, l\u2019\u00c9cole d&#8217;ing\u00e9nierie de Physique vise \u00e9galement \u00e0 lancer des activit\u00e9s scientifiques et des expositions dans les lyc\u00e9es de la ville pour promouvoir la science parmi les jeunes \u00e9tudiants. En outre, les programmes de sensibilisation g\u00e9n\u00e9rale concernant le r\u00f4le des femmes africaines en Physique au niveau de la communaut\u00e9 trim de Ben Guerir figurent \u00e9galement sur notre liste de priorit\u00e9s.[\/vc_column_text][vc_separator color=&#8221;black&#8221; border_width=&#8221;4&#8243;][vc_column_text]<\/p>\n<h2>INTERNATIONAL MASTERCLASSES: Hands on Particle Physics<\/h2>\n<div class=\"flex max-w-full flex-col flex-grow\">\n<div class=\"min-h-8 text-message flex w-full flex-col items-end gap-2 whitespace-normal break-words text-start [.text-message+&amp;]:mt-5\" dir=\"auto\" data-message-author-role=\"assistant\" data-message-id=\"9df07cab-3a7e-4b28-b27c-6d600746fea4\" data-message-model-slug=\"gpt-4o-mini\">\n<div class=\"flex w-full flex-col gap-1 empty:hidden first:pt-[3px]\">\n<div class=\"markdown prose w-full break-words dark:prose-invert light\">\n<p>L\u2019Ecole d&#8217;Ing\u00e9nierie de Physique de l\u2019UM6P a pour objectif de lancer des activit\u00e9s scientifiques et des expositions dans les lyc\u00e9es de la ville de Ben Guerir afin de promouvoir la science aupr\u00e8s des jeunes \u00e9tudiants. Notre \u00e9cole est ravie d\u2019organiser son premier \u00e9v\u00e9nement pour sa communaut\u00e9 dans le cadre du programme UM6P \u2013 CERN, avec des masterclasses internationales, o\u00f9 les \u00e9tudiants des lyc\u00e9es deviendront physiciens le temps d&#8217;une journ\u00e9e en d\u00e9couvrant le monde des particules et des forces de la nature.<\/p>\n<\/div>\n<\/div>\n<\/div>\n<\/div>\n<p><b>International Masterclasses <\/b><b>19<sup>th<\/sup>\u00a0<\/b><\/p>\n<p class=\"x_MsoNormal\"><b><img loading=\"lazy\" decoding=\"async\" class=\"aligncenter wp-image-2888 size-large\" src=\"https:\/\/iap.um6p.ma\/wp-content\/uploads\/2023\/01\/image002-1024x527.jpg\" alt=\"\" width=\"640\" height=\"329\" \/><br \/>\n<\/b><\/p>\n<pre class=\"wp-block-code\"><code><a href=\"https:\/\/iap.um6p.ma\/wp-content\/uploads\/2023\/01\/Poster-1.pdf\" class=\"pdfemb-viewer\" style=\"width:600px;height:770px;\" data-width=\"600\" data-height=\"770\" data-toolbar=\"bottom\" data-toolbar-fixed=\"off\">Poster-1<\/a><\/code><\/pre>\n<p>[\/vc_column_text][\/vc_column][\/vc_row]<\/p>\n","protected":false},"excerpt":{"rendered":"<p>[vc_row][vc_column width=&#8221;1\/4&#8243;][vc_column_text] Formations Formation d&#8217;Ing\u00e9nieur Master executive Etudes doctorales Communaut\u00e9 Ville de Benguerir Ville de Laayoune Contactez-Nous Vie au Campus [\/vc_column_text][\/vc_column][vc_column width=&#8221;3\/4&#8243;][vc_column_text]Notre communaut\u00e9 est compos\u00e9e de membres du corps professoral, de personnel, de chercheurs, de boursiers en \u00e9ducation et de chercheurs postdoctoraux. En plus des activit\u00e9s d&#8217;enseignement et de recherche scientifique, les membres de l\u2019\u00c9cole [&hellip;]<\/p>\n","protected":false},"author":3,"featured_media":0,"parent":0,"menu_order":0,"comment_status":"closed","ping_status":"closed","template":"","meta":{"_monsterinsights_skip_tracking":false,"_monsterinsights_sitenote_active":false,"_monsterinsights_sitenote_note":"","_monsterinsights_sitenote_category":0,"cybocfi_hide_featured_image":"","footnotes":""},"class_list":["post-6428","page","type-page","status-publish","hentry"],"aioseo_notices":[],"_links":{"self":[{"href":"https:\/\/physicsschool.um6p.ma\/index.php?rest_route=\/wp\/v2\/pages\/6428","targetHints":{"allow":["GET"]}}],"collection":[{"href":"https:\/\/physicsschool.um6p.ma\/index.php?rest_route=\/wp\/v2\/pages"}],"about":[{"href":"https:\/\/physicsschool.um6p.ma\/index.php?rest_route=\/wp\/v2\/types\/page"}],"author":[{"embeddable":true,"href":"https:\/\/physicsschool.um6p.ma\/index.php?rest_route=\/wp\/v2\/users\/3"}],"replies":[{"embeddable":true,"href":"https:\/\/physicsschool.um6p.ma\/index.php?rest_route=%2Fwp%2Fv2%2Fcomments&post=6428"}],"version-history":[{"count":3,"href":"https:\/\/physicsschool.um6p.ma\/index.php?rest_route=\/wp\/v2\/pages\/6428\/revisions"}],"predecessor-version":[{"id":6542,"href":"https:\/\/physicsschool.um6p.ma\/index.php?rest_route=\/wp\/v2\/pages\/6428\/revisions\/6542"}],"wp:attachment":[{"href":"https:\/\/physicsschool.um6p.ma\/index.php?rest_route=%2Fwp%2Fv2%2Fmedia&parent=6428"}],"curies":[{"name":"wp","href":"https:\/\/api.w.org\/{rel}","templated":true}]}}