{"id":7056,"date":"2025-02-03T14:15:44","date_gmt":"2025-02-03T14:15:44","guid":{"rendered":"https:\/\/physicsschool.um6p.ma\/?page_id=7056"},"modified":"2026-03-02T11:39:13","modified_gmt":"2026-03-02T11:39:13","slug":"admissions-cnc","status":"publish","type":"page","link":"https:\/\/physicsschool.um6p.ma\/?page_id=7056","title":{"rendered":"Admissions CNC"},"content":{"rendered":"<p>[vc_row][vc_column width=&#8221;1\/4&#8243;][vc_column_text]<\/p>\n<h2 style=\"text-align: left;\"><span style=\"color: #000080;\">Formations<\/span><\/h2>\n<h6 style=\"text-align: left;\"><span style=\"color: #3366ff;\"><a style=\"color: #3366ff;\" href=\"https:\/\/physicsschool.um6p.ma\/?page_id=156\"><u>Formation d&#8217;Ing\u00e9nieur<\/u><\/a><\/span><\/h6>\n<h6 style=\"text-align: left; padding-left: 40px;\"><span style=\"color: #000080;\"><a style=\"color: #000080;\" href=\"https:\/\/physicsschool.um6p.ma\/?page_id=156\"><u>A propos<\/u><\/a><\/span><\/h6>\n<h6 style=\"text-align: left; padding-left: 40px;\"><a href=\"https:\/\/physicsschool.um6p.ma\/?page_id=6307\"><span style=\"color: #000080;\"><u>Cursus Ing\u00e9nieur<\/u><\/span><\/a><\/h6>\n<h6 style=\"text-align: left; padding-left: 40px;\"><span style=\"color: #3366ff;\"><a style=\"color: #3366ff;\" href=\"https:\/\/physicsschool.um6p.ma\/?page_id=6263\"><u>Voies d&#8217;admissions<\/u><\/a><\/span><\/h6>\n<h6 style=\"text-align: left; padding-left: 80px;\"><span style=\"color: #3366ff;\"><a style=\"color: #3366ff;\" href=\"https:\/\/physicsschool.um6p.ma\/?page_id=7056\"><u>Admissions CNC<\/u><\/a><\/span><\/h6>\n<h6 style=\"text-align: left; padding-left: 80px;\"><a href=\"https:\/\/physicsschool.um6p.ma\/?page_id=7060\"><span style=\"color: #000080;\"><u>Admissions Concours UM6P<\/u><\/span><\/a><\/h6>\n<h6 style=\"text-align: left; padding-left: 80px;\"><a href=\"https:\/\/physicsschool.um6p.ma\/?page_id=7351\"><span style=\"color: #000080;\"><u>Inscription\/Registration<\/u><\/span><\/a><\/h6>\n<h6 style=\"text-align: left; padding-left: 80px;\"><a href=\"https:\/\/physicsschool.um6p.ma\/?page_id=7305\"><span style=\"color: #000080;\"><u>Foire aux questions<\/u><\/span><\/a><\/h6>\n<h6 style=\"text-align: left; padding-left: 40px;\"><a href=\"https:\/\/physicsschool.um6p.ma\/?page_id=6269\"><span style=\"color: #000080;\"><u>Frais de Scolarit\u00e9<\/u><\/span><\/a><\/h6>\n<h6 style=\"text-align: left; padding-left: 40px;\"><a href=\"https:\/\/physicsschool.um6p.ma\/?page_id=6391\"><span style=\"color: #000080;\"><u>Bourses et Fellowships<\/u><\/span><\/a><\/h6>\n<h6 style=\"text-align: left; padding-left: 40px;\"><a href=\"https:\/\/physicsschool.um6p.ma\/?page_id=6329\"><span style=\"color: #000080;\"><u>Mobilit\u00e9s et stages<\/u><\/span><\/a><\/h6>\n<h6 style=\"text-align: left; padding-left: 40px;\"><a href=\"https:\/\/physicsschool.um6p.ma\/?page_id=6398\"><span style=\"color: #000080;\"><u>D\u00e9bouch\u00e9s et carri\u00e8res<\/u><\/span><\/a><\/h6>\n<h6 style=\"text-align: left; padding-left: 40px;\"><a href=\"https:\/\/physicsschool.um6p.ma\/?page_id=6402\"><span style=\"color: #000080;\"><u>Partenariats<\/u><\/span><\/a><\/h6>\n<h6 style=\"text-align: left; padding-left: 40px;\"><span style=\"text-decoration: underline;\"><a href=\"https:\/\/physicsschool.um6p.ma\/?page_id=7405\"><span style=\"color: #000080; text-decoration: underline;\">School Teaching Planning<\/span><\/a><\/span><\/h6>\n<h6 style=\"text-align: left;\"><a href=\"https:\/\/physicsschool.um6p.ma\/?page_id=174\"><span style=\"color: #000080;\"><u>Formation Doctorale<\/u><\/span><\/a><\/h6>\n<h6 style=\"text-align: left;\"><a href=\"https:\/\/physicsschool.um6p.ma\/?page_id=4884\"><span style=\"color: #000080;\"><u>Master executive<\/u><\/span><\/a><\/h6>\n<h6 style=\"text-align: left;\"><a href=\"https:\/\/physicsschool.um6p.ma\/?page_id=94\"><span style=\"color: #000080;\"><u>Communaut\u00e9<\/u><\/span><\/a><\/h6>\n<h6 style=\"text-align: left;\"><a href=\"https:\/\/um6p.ma\/fr\/vie-au-campus\"><span style=\"color: #000080;\"><u>Vie au Campus<\/u><\/span><\/a><\/h6>\n<p>[\/vc_column_text][\/vc_column][vc_column width=&#8221;3\/4&#8243;][vc_column_text]<strong><span style=\"text-decoration: underline;\">Concours National Commun (CNC) 2026<\/span><\/strong><br \/>\nNotre \u00e9cole a r\u00e9cemment int\u00e9gr\u00e9 le Concours National Commun (CNC) 2026, offrant ainsi aux candidats l\u2019opportunit\u00e9 de rejoindre ce programme de haut niveau.<\/p>\n<p><strong><span style=\"text-decoration: underline;\"><img loading=\"lazy\" decoding=\"async\" class=\"wp-image-7720 aligncenter\" src=\"https:\/\/physicsschool.um6p.ma\/wp-content\/uploads\/2026\/03\/Capture-decran-2026-03-02-112433.png\" alt=\"\" width=\"442\" height=\"356\" srcset=\"https:\/\/physicsschool.um6p.ma\/wp-content\/uploads\/2026\/03\/Capture-decran-2026-03-02-112433.png 785w, https:\/\/physicsschool.um6p.ma\/wp-content\/uploads\/2026\/03\/Capture-decran-2026-03-02-112433-300x242.png 300w, https:\/\/physicsschool.um6p.ma\/wp-content\/uploads\/2026\/03\/Capture-decran-2026-03-02-112433-768x618.png 768w\" sizes=\"auto, (max-width: 442px) 100vw, 442px\" \/>Comment s\u2019inscrire ?<\/span><\/strong><br \/>\nLes candidats souhaitant postuler via le concours CNC 2026 doivent s\u2019inscrire sur la plateforme e-CPGE et s\u00e9lectionner IST&amp;I : Cycle d\u2019Ing\u00e9nieur en Ing\u00e9nierie Physique lors de leur inscription \u00e0 l\u2019adresse suivante : <span style=\"color: #3366ff;\"><a style=\"color: #3366ff;\" href=\"http:\/\/insea-cnc2026.ma\/\">http:\/\/insea-cnc2026.ma\/<\/a><\/span>.<\/p>\n<p>Pour plus d&#8217;informations:<\/p>\n<a href=\"https:\/\/physicsschool.um6p.ma\/wp-content\/uploads\/2026\/03\/2026-02-03-74547.pdf\" class=\"pdfemb-viewer\" style=\"width:600px;height:770px;\" data-width=\"600\" data-height=\"770\" data-toolbar=\"bottom\" data-toolbar-fixed=\"off\">2026-02-03-74547<\/a>\n<p>Veuillez noter que le nombre de places est limit\u00e9. Le nombre final de candidats retenus sera d\u00e9termin\u00e9 en fonction de leur performance lors des \u00e9preuves.<br \/>\nPour plus d\u2019informations, nous vous invitons \u00e0 consulter la notice officielle du Concours CNC 2026 sur leur site web officiel.[\/vc_column_text][\/vc_column][\/vc_row]<\/p>\n","protected":false},"excerpt":{"rendered":"<p>[vc_row][vc_column width=&#8221;1\/4&#8243;][vc_column_text] Formations Formation d&#8217;Ing\u00e9nieur A propos Cursus Ing\u00e9nieur Voies d&#8217;admissions Admissions CNC Admissions Concours UM6P Inscription\/Registration Foire aux questions Frais de Scolarit\u00e9 Bourses et Fellowships Mobilit\u00e9s et stages D\u00e9bouch\u00e9s et carri\u00e8res Partenariats School Teaching Planning Formation Doctorale Master executive Communaut\u00e9 Vie au Campus [\/vc_column_text][\/vc_column][vc_column width=&#8221;3\/4&#8243;][vc_column_text]Concours National Commun (CNC) 2026 Notre \u00e9cole a r\u00e9cemment int\u00e9gr\u00e9 [&hellip;]<\/p>\n","protected":false},"author":3,"featured_media":0,"parent":0,"menu_order":0,"comment_status":"closed","ping_status":"closed","template":"","meta":{"_monsterinsights_skip_tracking":false,"_monsterinsights_sitenote_active":false,"_monsterinsights_sitenote_note":"","_monsterinsights_sitenote_category":0,"cybocfi_hide_featured_image":"","footnotes":""},"class_list":["post-7056","page","type-page","status-publish","hentry"],"aioseo_notices":[],"_links":{"self":[{"href":"https:\/\/physicsschool.um6p.ma\/index.php?rest_route=\/wp\/v2\/pages\/7056","targetHints":{"allow":["GET"]}}],"collection":[{"href":"https:\/\/physicsschool.um6p.ma\/index.php?rest_route=\/wp\/v2\/pages"}],"about":[{"href":"https:\/\/physicsschool.um6p.ma\/index.php?rest_route=\/wp\/v2\/types\/page"}],"author":[{"embeddable":true,"href":"https:\/\/physicsschool.um6p.ma\/index.php?rest_route=\/wp\/v2\/users\/3"}],"replies":[{"embeddable":true,"href":"https:\/\/physicsschool.um6p.ma\/index.php?rest_route=%2Fwp%2Fv2%2Fcomments&post=7056"}],"version-history":[{"count":18,"href":"https:\/\/physicsschool.um6p.ma\/index.php?rest_route=\/wp\/v2\/pages\/7056\/revisions"}],"predecessor-version":[{"id":7724,"href":"https:\/\/physicsschool.um6p.ma\/index.php?rest_route=\/wp\/v2\/pages\/7056\/revisions\/7724"}],"wp:attachment":[{"href":"https:\/\/physicsschool.um6p.ma\/index.php?rest_route=%2Fwp%2Fv2%2Fmedia&parent=7056"}],"curies":[{"name":"wp","href":"https:\/\/api.w.org\/{rel}","templated":true}]}}