{"id":7060,"date":"2025-02-03T14:17:43","date_gmt":"2025-02-03T14:17:43","guid":{"rendered":"https:\/\/physicsschool.um6p.ma\/?page_id=7060"},"modified":"2026-04-22T12:37:58","modified_gmt":"2026-04-22T12:37:58","slug":"admissions-concours-um6p","status":"publish","type":"page","link":"https:\/\/physicsschool.um6p.ma\/?page_id=7060","title":{"rendered":"Admissions Concours UM6P"},"content":{"rendered":"<p>[vc_row][vc_column width=&#8221;1\/4&#8243;][vc_column_text]<\/p>\n<h2 style=\"text-align: left;\"><span style=\"color: #000080;\">Formations<\/span><\/h2>\n<h6 style=\"text-align: left;\"><span style=\"color: #3366ff;\"><a style=\"color: #3366ff;\" href=\"https:\/\/physicsschool.um6p.ma\/?page_id=156\"><u>Formation d&#8217;Ing\u00e9nieur<\/u><\/a><\/span><\/h6>\n<h6 style=\"text-align: left; padding-left: 40px;\"><span style=\"color: #000080;\"><a style=\"color: #000080;\" href=\"https:\/\/physicsschool.um6p.ma\/?page_id=156\"><u>A propos<\/u><\/a><\/span><\/h6>\n<h6 style=\"text-align: left; padding-left: 40px;\"><a href=\"https:\/\/physicsschool.um6p.ma\/?page_id=6307\"><span style=\"color: #000080;\"><u>Cursus Ing\u00e9nieur<\/u><\/span><\/a><\/h6>\n<h6 style=\"text-align: left; padding-left: 40px;\"><span style=\"color: #3366ff;\"><a style=\"color: #3366ff;\" href=\"https:\/\/physicsschool.um6p.ma\/?page_id=6263\"><u>Voies d&#8217;admissions<\/u><\/a><\/span><\/h6>\n<h6 style=\"text-align: left; padding-left: 80px;\"><span style=\"color: #000080;\"><a style=\"color: #000080;\" href=\"https:\/\/physicsschool.um6p.ma\/?page_id=7056\"><u>Admissions CNC<\/u><\/a><\/span><\/h6>\n<h6 style=\"text-align: left; padding-left: 80px;\"><span style=\"color: #3366ff;\"><a style=\"color: #3366ff;\" href=\"https:\/\/physicsschool.um6p.ma\/?page_id=7060\"><u>Admissions Concours UM6P<\/u><\/a><\/span><\/h6>\n<h6 style=\"text-align: left; padding-left: 80px;\"><a href=\"https:\/\/physicsschool.um6p.ma\/?page_id=7351\"><span style=\"color: #000080;\"><u>Inscription\/Registration<\/u><\/span><\/a><\/h6>\n<h6 style=\"text-align: left; padding-left: 80px;\"><span style=\"color: #000080;\"><a style=\"color: #000080;\" href=\"https:\/\/physicsschool.um6p.ma\/?page_id=7305\"><u>Foire aux questions<\/u><\/a><\/span><\/h6>\n<h6 style=\"text-align: left; padding-left: 40px;\"><a href=\"https:\/\/physicsschool.um6p.ma\/?page_id=6269\"><span style=\"color: #000080;\"><u>Frais de Scolarit\u00e9<\/u><\/span><\/a><\/h6>\n<h6 style=\"text-align: left; padding-left: 40px;\"><a href=\"https:\/\/physicsschool.um6p.ma\/?page_id=6391\"><span style=\"color: #000080;\"><u>Bourses et Fellowships<\/u><\/span><\/a><\/h6>\n<h6 style=\"text-align: left; padding-left: 40px;\"><a href=\"https:\/\/physicsschool.um6p.ma\/?page_id=6329\"><span style=\"color: #000080;\"><u>Mobilit\u00e9s et stages<\/u><\/span><\/a><\/h6>\n<h6 style=\"text-align: left; padding-left: 40px;\"><a href=\"https:\/\/physicsschool.um6p.ma\/?page_id=6398\"><span style=\"color: #000080;\"><u>D\u00e9bouch\u00e9s et carri\u00e8res<\/u><\/span><\/a><\/h6>\n<h6 style=\"text-align: left; padding-left: 40px;\"><a href=\"https:\/\/physicsschool.um6p.ma\/?page_id=6402\"><span style=\"color: #000080;\"><u>Partenariats<\/u><\/span><\/a><\/h6>\n<h6 style=\"text-align: left; padding-left: 40px;\"><span style=\"text-decoration: underline;\"><a href=\"https:\/\/physicsschool.um6p.ma\/?page_id=7405\"><span style=\"color: #000080; text-decoration: underline;\">School Teaching Planning<\/span><\/a><\/span><\/h6>\n<h6 style=\"text-align: left;\"><a href=\"https:\/\/physicsschool.um6p.ma\/?page_id=174\"><span style=\"color: #000080;\"><u>Formation Doctorale<\/u><\/span><\/a><\/h6>\n<h6 style=\"text-align: left;\"><a href=\"https:\/\/physicsschool.um6p.ma\/?page_id=4884\"><span style=\"color: #000080;\"><u>Master executive<\/u><\/span><\/a><\/h6>\n<h6 style=\"text-align: left;\"><a href=\"https:\/\/physicsschool.um6p.ma\/?page_id=94\"><span style=\"color: #000080;\"><u>Communaut\u00e9<\/u><\/span><\/a><\/h6>\n<h6 style=\"text-align: left;\"><a href=\"https:\/\/um6p.ma\/fr\/vie-au-campus\"><span style=\"color: #000080;\"><u>Vie au Campus<\/u><\/span><\/a><\/h6>\n<p>[\/vc_column_text][\/vc_column][vc_column width=&#8221;3\/4&#8243;][vc_column_text]<strong>Annonce : Concours d&#8217;acc\u00e8s au cursus ing\u00e9nieur de la School of Applied and Engineering Physics de l&#8217;UM6P<\/strong><\/p>\n<p>La <strong>School of Applied and Engineering Physics<\/strong> de l&#8217;Universit\u00e9 Mohammed VI Polytechnique (UM6P) organise son <strong>concours d&#8217;acc\u00e8s<\/strong> pour int\u00e9grer son prestigieux cursus d&#8217;Ing\u00e9nieur en Physique Appliqu\u00e9e et Ing\u00e9nierie (IST&amp;I). Ce programme, con\u00e7u pour les \u00e9tudiants en Classes Pr\u00e9paratoires aux Grandes \u00c9coles (CPGE) (MP, PSI, TSI), ainsi que ceux en deuxi\u00e8me ann\u00e9e universitaire L2 dans les fili\u00e8res Physique, Math\u00e9matiques (fondamentales ou appliqu\u00e9es).<\/p>\n<p><strong>Conditions d&#8217;admission :<\/strong><\/p>\n<ul>\n<li>\u00c9tudiants en CPGE (MP, PSI, TSI) ou en deuxi\u00e8me ann\u00e9e universitaire L2 en Physique, Math\u00e9matiques ou \u00e9quivalent.<\/li>\n<li>S\u00e9lection des candidats sur la base de leur excellence acad\u00e9mique, afin d&#8217;int\u00e9grer une formation de haut niveau.<\/li>\n<\/ul>\n<p><strong>Dates importantes :<\/strong><\/p>\n<ul>\n<li><strong>Date limite d&#8217;inscription :<\/strong> 10 mai 2026<\/li>\n<\/ul>\n<ul>\n<li style=\"list-style-type: none;\"><\/li>\n<\/ul>\n<ul>\n<li><strong>Comment s\u2019inscrire ?<\/strong><\/li>\n<\/ul>\n<p>Pour vous inscrire, veuillez cocher le <strong>Cycle Ing\u00e9nieur en Ing\u00e9nierie Physique (IST&amp;I)<\/strong> sur notre site d&#8217;admission en ligne : <span style=\"color: #3366ff;\"><a style=\"color: #3366ff;\" href=\"https:\/\/www.um6p.ma\/fr\/admissions#master_ingenieur\">https:\/\/www.um6p.ma\/fr\/admissions#master_ingenieur<\/a><\/span>. Le nombre final de candidats retenus sera d\u00e9termin\u00e9 en fonction de leur excellence.<\/p>\n<p>Les dipl\u00f4m\u00e9s de notre \u00e9cole sont pr\u00eats \u00e0 occuper des postes de leadership dans les secteurs technologiques et scientifiques, \u00e0 la fois au Maroc et \u00e0 l&#8217;international. Ils jouent un r\u00f4le cl\u00e9 dans l&#8217;innovation et le d\u00e9veloppement durable.<\/p>\n<p>Rejoignez une \u00e9cole pionni\u00e8re, o\u00f9 la recherche, l&#8217;innovation et l&#8217;excellence forment la base de l&#8217;apprentissage et de la r\u00e9ussite !<\/p>\n<p data-start=\"175\" data-end=\"203\"><strong data-start=\"175\" data-end=\"201\">\u00c9preuves du concours :<\/strong><\/p>\n<p data-start=\"205\" data-end=\"258\">Le concours d&#8217;acc\u00e8s comprend les \u00e9preuves suivantes :<\/p>\n<p data-start=\"260\" data-end=\"282\"><strong data-start=\"260\" data-end=\"280\">\u00c9preuve \u00e9crite : Le 4 Juin 2026<\/strong><\/p>\n<ul data-start=\"283\" data-end=\"530\">\n<li data-section-id=\"1uhqt5j\" data-start=\"283\" data-end=\"334\"><strong data-start=\"285\" data-end=\"304\">Math\u00e9matiques 1<\/strong> : Calcul avanc\u00e9 et alg\u00e8bre.<\/li>\n<li data-section-id=\"9ow0fs\" data-start=\"335\" data-end=\"398\"><strong data-start=\"337\" data-end=\"356\">Math\u00e9matiques 2<\/strong> : Analyse et \u00e9quations diff\u00e9rentielles.<\/li>\n<li data-section-id=\"1h60qk4\" data-start=\"399\" data-end=\"468\"><strong data-start=\"401\" data-end=\"415\">Physique 1<\/strong> : M\u00e9canique, thermodynamique et \u00e9lectromagn\u00e9tisme.<\/li>\n<li data-section-id=\"10x55hy\" data-start=\"469\" data-end=\"530\"><strong data-start=\"471\" data-end=\"485\">Physique 2<\/strong> : Physique moderne et m\u00e9thodes num\u00e9riques.<\/li>\n<\/ul>\n<p data-start=\"532\" data-end=\"553\"><strong data-start=\"532\" data-end=\"551\">\u00c9preuve orale : Entre le 17 et 27 juin 2026<\/strong><\/p>\n<ul data-start=\"554\" data-end=\"912\">\n<li data-section-id=\"cykpc6\" data-start=\"554\" data-end=\"721\">Les candidats s\u00e9lectionn\u00e9s \u00e0 l\u2019issue des \u00e9preuves \u00e9crites seront convoqu\u00e9s \u00e0 l\u2019oral.<\/li>\n<li data-section-id=\"cykpc6\" data-start=\"554\" data-end=\"721\">Les candidats devront r\u00e9soudre un probl\u00e8me de physique portant sur un des domaines suivants : <strong>T<\/strong><strong data-start=\"650\" data-end=\"669\">hermodynamique<\/strong>, <strong data-start=\"671\" data-end=\"692\">\u00e9lectromagn\u00e9tisme<\/strong> <strong>et<\/strong>\u00a0<strong data-start=\"696\" data-end=\"718\">physique moderne<\/strong>.<\/li>\n<li data-section-id=\"4tp4nb\" data-start=\"722\" data-end=\"912\">Les candidats disposeront de <strong data-start=\"753\" data-end=\"767\">30 minutes<\/strong> pour r\u00e9soudre le probl\u00e8me devant un jury, qui \u00e9valuera leur capacit\u00e9 d&#8217;analyse, de raisonnement logique et la ma\u00eetrise et l&#8217;application des concepts physiques.<\/li>\n<\/ul>\n<p>[\/vc_column_text][\/vc_column][\/vc_row]<\/p>\n","protected":false},"excerpt":{"rendered":"<p>[vc_row][vc_column width=&#8221;1\/4&#8243;][vc_column_text] Formations Formation d&#8217;Ing\u00e9nieur A propos Cursus Ing\u00e9nieur Voies d&#8217;admissions Admissions CNC Admissions Concours UM6P Inscription\/Registration Foire aux questions Frais de Scolarit\u00e9 Bourses et Fellowships Mobilit\u00e9s et stages D\u00e9bouch\u00e9s et carri\u00e8res Partenariats School Teaching Planning Formation Doctorale Master executive Communaut\u00e9 Vie au Campus [\/vc_column_text][\/vc_column][vc_column width=&#8221;3\/4&#8243;][vc_column_text]Annonce : Concours d&#8217;acc\u00e8s au cursus ing\u00e9nieur de la School [&hellip;]<\/p>\n","protected":false},"author":3,"featured_media":0,"parent":0,"menu_order":0,"comment_status":"closed","ping_status":"closed","template":"","meta":{"_monsterinsights_skip_tracking":false,"_monsterinsights_sitenote_active":false,"_monsterinsights_sitenote_note":"","_monsterinsights_sitenote_category":0,"cybocfi_hide_featured_image":"","footnotes":""},"class_list":["post-7060","page","type-page","status-publish","hentry"],"aioseo_notices":[],"_links":{"self":[{"href":"https:\/\/physicsschool.um6p.ma\/index.php?rest_route=\/wp\/v2\/pages\/7060","targetHints":{"allow":["GET"]}}],"collection":[{"href":"https:\/\/physicsschool.um6p.ma\/index.php?rest_route=\/wp\/v2\/pages"}],"about":[{"href":"https:\/\/physicsschool.um6p.ma\/index.php?rest_route=\/wp\/v2\/types\/page"}],"author":[{"embeddable":true,"href":"https:\/\/physicsschool.um6p.ma\/index.php?rest_route=\/wp\/v2\/users\/3"}],"replies":[{"embeddable":true,"href":"https:\/\/physicsschool.um6p.ma\/index.php?rest_route=%2Fwp%2Fv2%2Fcomments&post=7060"}],"version-history":[{"count":13,"href":"https:\/\/physicsschool.um6p.ma\/index.php?rest_route=\/wp\/v2\/pages\/7060\/revisions"}],"predecessor-version":[{"id":7781,"href":"https:\/\/physicsschool.um6p.ma\/index.php?rest_route=\/wp\/v2\/pages\/7060\/revisions\/7781"}],"wp:attachment":[{"href":"https:\/\/physicsschool.um6p.ma\/index.php?rest_route=%2Fwp%2Fv2%2Fmedia&parent=7060"}],"curies":[{"name":"wp","href":"https:\/\/api.w.org\/{rel}","templated":true}]}}