{"id":7305,"date":"2025-06-15T19:59:09","date_gmt":"2025-06-15T19:59:09","guid":{"rendered":"https:\/\/physicsschool.um6p.ma\/?page_id=7305"},"modified":"2025-09-18T15:17:51","modified_gmt":"2025-09-18T15:17:51","slug":"foire-aux-questions","status":"publish","type":"page","link":"https:\/\/physicsschool.um6p.ma\/?page_id=7305","title":{"rendered":"Foire aux questions"},"content":{"rendered":"<p>[vc_row][vc_column width=&#8221;1\/4&#8243;][vc_column_text]<\/p>\n<h2 style=\"text-align: left;\"><span style=\"color: #000080;\">Formations<\/span><\/h2>\n<h6 style=\"text-align: left;\"><span style=\"color: #3366ff;\"><a style=\"color: #3366ff;\" href=\"https:\/\/physicsschool.um6p.ma\/?page_id=156\"><u>Formation d&#8217;Ing\u00e9nieur<\/u><\/a><\/span><\/h6>\n<h6 style=\"text-align: left; padding-left: 40px;\"><span style=\"color: #000080;\"><a style=\"color: #000080;\" href=\"https:\/\/physicsschool.um6p.ma\/?page_id=156\"><u>A propos<\/u><\/a><\/span><\/h6>\n<h6 style=\"text-align: left; padding-left: 40px;\"><a href=\"https:\/\/physicsschool.um6p.ma\/?page_id=6307\"><span style=\"color: #000080;\"><u>Cursus Ing\u00e9nieur<\/u><\/span><\/a><\/h6>\n<h6 style=\"text-align: left; padding-left: 40px;\"><span style=\"color: #3366ff;\"><a style=\"color: #3366ff;\" href=\"https:\/\/physicsschool.um6p.ma\/?page_id=6263\"><u>Voies d&#8217;admissions<\/u><\/a><\/span><\/h6>\n<h6 style=\"text-align: left; padding-left: 80px;\"><span style=\"color: #000080;\"><a style=\"color: #000080;\" href=\"https:\/\/physicsschool.um6p.ma\/?page_id=7056\"><u>Admissions CNC<\/u><\/a><\/span><\/h6>\n<h6 style=\"text-align: left; padding-left: 80px;\"><span style=\"color: #000080;\"><a style=\"color: #000080;\" href=\"https:\/\/physicsschool.um6p.ma\/?page_id=7060\"><u>Admissions Concours UM6P<\/u><\/a><\/span><\/h6>\n<h6 style=\"text-align: left; padding-left: 80px;\"><a href=\"https:\/\/physicsschool.um6p.ma\/?page_id=7351\"><span style=\"color: #000080;\"><u>Inscription\/Registration<\/u><\/span><\/a><\/h6>\n<h6 style=\"text-align: left; padding-left: 80px;\"><span style=\"color: #3366ff;\"><a style=\"color: #3366ff;\" href=\"https:\/\/physicsschool.um6p.ma\/?page_id=7305\"><u>Foire aux questions<\/u><\/a><\/span><\/h6>\n<h6 style=\"text-align: left; padding-left: 40px;\"><a href=\"https:\/\/physicsschool.um6p.ma\/?page_id=6269\"><span style=\"color: #000080;\"><u>Frais de Scolarit\u00e9<\/u><\/span><\/a><\/h6>\n<h6 style=\"text-align: left; padding-left: 40px;\"><a href=\"https:\/\/physicsschool.um6p.ma\/?page_id=6391\"><span style=\"color: #000080;\"><u>Bourses et Fellowships<\/u><\/span><\/a><\/h6>\n<h6 style=\"text-align: left; padding-left: 40px;\"><a href=\"https:\/\/physicsschool.um6p.ma\/?page_id=6329\"><span style=\"color: #000080;\"><u>Mobilit\u00e9s et stages<\/u><\/span><\/a><\/h6>\n<h6 style=\"text-align: left; padding-left: 40px;\"><a href=\"https:\/\/physicsschool.um6p.ma\/?page_id=6398\"><span style=\"color: #000080;\"><u>D\u00e9bouch\u00e9s et carri\u00e8res<\/u><\/span><\/a><\/h6>\n<h6 style=\"text-align: left; padding-left: 40px;\"><a href=\"https:\/\/physicsschool.um6p.ma\/?page_id=6402\"><span style=\"color: #000080;\"><u>Partenariats<\/u><\/span><\/a><\/h6>\n<h6 style=\"text-align: left; padding-left: 40px;\"><span style=\"text-decoration: underline;\"><a href=\"https:\/\/physicsschool.um6p.ma\/?page_id=7405\"><span style=\"color: #000080; text-decoration: underline;\">School Teaching Planning<\/span><\/a><\/span><\/h6>\n<h6 style=\"text-align: left;\"><a href=\"https:\/\/physicsschool.um6p.ma\/?page_id=174\"><span style=\"color: #000080;\"><u>Formation Doctorale<\/u><\/span><\/a><\/h6>\n<h6 style=\"text-align: left;\"><a href=\"https:\/\/physicsschool.um6p.ma\/?page_id=4884\"><span style=\"color: #000080;\"><u>Master executive<\/u><\/span><\/a><\/h6>\n<h6 style=\"text-align: left;\"><a href=\"https:\/\/physicsschool.um6p.ma\/?page_id=94\"><span style=\"color: #000080;\"><u>Communaut\u00e9<\/u><\/span><\/a><\/h6>\n<h6 style=\"text-align: left;\"><a href=\"https:\/\/um6p.ma\/fr\/vie-au-campus\"><span style=\"color: #000080;\"><u>Vie au Campus<\/u><\/span><\/a><\/h6>\n<p>[\/vc_column_text][\/vc_column][vc_column width=&#8221;3\/4&#8243;][vc_column_text][vc_row][vc_column width=&#8221;1\/1&#8243;][vc_column_text]<\/p>\n<ul>\n<li><span style=\"text-decoration: underline;\"><strong>L\u2019h\u00e9bergement et la cantine sont-ils envisageables ? :<\/strong><\/span><\/li>\n<\/ul>\n<p>L\u2019\u00c9cole de Physique de l\u2019UM6P a con\u00e7u un concours au format CNC, concentr\u00e9 sur une seule journ\u00e9e pour faciliter la logistique des candidats. Le d\u00e9jeuner du samedi 21 juin sera pris en charge par l\u2019\u00e9cole.<\/p>\n<ul>\n<li><span style=\"text-decoration: underline;\"><strong>Le concours \u00e9crit peut-il se passer en ligne ?<\/strong><\/span><\/li>\n<\/ul>\n<p>Le concours \u00e9crit d\u2019admissibilit\u00e9, ainsi que l&#8217;\u00e9preuve orale d&#8217;admission se tiendront exclusivement en pr\u00e9sentiel sur notre campus de Benguerir, au Maroc, pour la session 2025. Aucun am\u00e9nagement \u00e0 distance n\u2019est pr\u00e9vu.<\/p>\n<ul>\n<li><span style=\"text-decoration: underline;\"><strong>Est-il possible d\u2019avoir acc\u00e8s \u00e0 des exemples ou des annales des \u00e9preuves d\u2019admissibilit\u00e9 des ann\u00e9es pr\u00e9c\u00e9dentes ?<\/strong><\/span><\/li>\n<\/ul>\n<p>Les \u00e9preuves s\u2019inspirent du concours national commun (CNC) marocain. Bien que nous ne disposions pas encore d\u2019annales propres, les sujets types du CNC constituent une bonne base de pr\u00e9paration.<\/p>\n<ul>\n<li><span style=\"text-decoration: underline;\"><strong>Quelle est la forme des \u00e9preuves ? QCM ou r\u00e9dactionnelles ?<\/strong><\/span><\/li>\n<\/ul>\n<p>Les \u00e9preuves s\u2019inspirent du concours national commun (CNC) marocain.<\/p>\n<ul>\n<li><span style=\"text-decoration: underline;\"><strong>Quand aura lieu la rentr\u00e9e ?<\/strong><\/span><\/li>\n<\/ul>\n<p>La rentr\u00e9e s\u2019effectue le 1 septembre 2025 pour l\u2019ensemble des \u00e9l\u00e8ves de 1re ann\u00e9e.<\/p>\n<ul>\n<li><span style=\"text-decoration: underline;\"><strong>Quand sont diffus\u00e9s les r\u00e9sultats et par quel moyen ?<\/strong><\/span><\/li>\n<\/ul>\n<p>Les r\u00e9sultats seront publi\u00e9s le 31 juillet 2025. Vous en serez inform\u00e9(e) par courriel.<\/p>\n<ul>\n<li><span style=\"text-decoration: underline;\"><strong>Quelles pi\u00e8ces sont obligatoires pour le dossier d\u2019inscription ?<\/strong><\/span><\/li>\n<\/ul>\n<p>Le guide d\u2019inscription o\u00f9 vous trouvez toutes les informations vous est envoy\u00e9 par mail lors de votre inscription administrative.<\/p>\n<ul>\n<li><span style=\"text-decoration: underline;\"><strong>O\u00f9 peut-on loger ?<\/strong><\/span><\/li>\n<\/ul>\n<p>Les \u00e9tudiants admis \u00e0 l\u2019\u00c9cole de physique de l\u2019UM6P auront acc\u00e8s aux r\u00e9sidences \u00e9tudiantes mises \u00e0 leur\u00a0disposition.[\/vc_column_text][\/vc_column][\/vc_row]<\/p>\n","protected":false},"excerpt":{"rendered":"<p>[vc_row][vc_column width=&#8221;1\/4&#8243;][vc_column_text] Formations Formation d&#8217;Ing\u00e9nieur A propos Cursus Ing\u00e9nieur Voies d&#8217;admissions Admissions CNC Admissions Concours UM6P Inscription\/Registration Foire aux questions Frais de Scolarit\u00e9 Bourses et Fellowships Mobilit\u00e9s et stages D\u00e9bouch\u00e9s et carri\u00e8res Partenariats School Teaching Planning Formation Doctorale Master executive Communaut\u00e9 Vie au Campus [\/vc_column_text][\/vc_column][vc_column width=&#8221;3\/4&#8243;][vc_column_text][vc_row][vc_column width=&#8221;1\/1&#8243;][vc_column_text] L\u2019h\u00e9bergement et la cantine sont-ils envisageables ? : [&hellip;]<\/p>\n","protected":false},"author":3,"featured_media":0,"parent":0,"menu_order":0,"comment_status":"closed","ping_status":"closed","template":"","meta":{"_monsterinsights_skip_tracking":false,"_monsterinsights_sitenote_active":false,"_monsterinsights_sitenote_note":"","_monsterinsights_sitenote_category":0,"cybocfi_hide_featured_image":"","footnotes":""},"class_list":["post-7305","page","type-page","status-publish","hentry"],"aioseo_notices":[],"_links":{"self":[{"href":"https:\/\/physicsschool.um6p.ma\/index.php?rest_route=\/wp\/v2\/pages\/7305","targetHints":{"allow":["GET"]}}],"collection":[{"href":"https:\/\/physicsschool.um6p.ma\/index.php?rest_route=\/wp\/v2\/pages"}],"about":[{"href":"https:\/\/physicsschool.um6p.ma\/index.php?rest_route=\/wp\/v2\/types\/page"}],"author":[{"embeddable":true,"href":"https:\/\/physicsschool.um6p.ma\/index.php?rest_route=\/wp\/v2\/users\/3"}],"replies":[{"embeddable":true,"href":"https:\/\/physicsschool.um6p.ma\/index.php?rest_route=%2Fwp%2Fv2%2Fcomments&post=7305"}],"version-history":[{"count":9,"href":"https:\/\/physicsschool.um6p.ma\/index.php?rest_route=\/wp\/v2\/pages\/7305\/revisions"}],"predecessor-version":[{"id":7554,"href":"https:\/\/physicsschool.um6p.ma\/index.php?rest_route=\/wp\/v2\/pages\/7305\/revisions\/7554"}],"wp:attachment":[{"href":"https:\/\/physicsschool.um6p.ma\/index.php?rest_route=%2Fwp%2Fv2%2Fmedia&parent=7305"}],"curies":[{"name":"wp","href":"https:\/\/api.w.org\/{rel}","templated":true}]}}