{"id":7351,"date":"2025-07-29T18:01:00","date_gmt":"2025-07-29T18:01:00","guid":{"rendered":"https:\/\/physicsschool.um6p.ma\/?page_id=7351"},"modified":"2025-09-18T15:17:35","modified_gmt":"2025-09-18T15:17:35","slug":"inscription-registration","status":"publish","type":"page","link":"https:\/\/physicsschool.um6p.ma\/?page_id=7351","title":{"rendered":"Inscription \/ Registration"},"content":{"rendered":"<p>[vc_row][vc_column width=&#8221;1\/4&#8243;][vc_column_text]<\/p>\n<h2 style=\"text-align: left;\"><span style=\"color: #000080;\">Formations<\/span><\/h2>\n<h6 style=\"text-align: left;\"><span style=\"color: #3366ff;\"><a style=\"color: #3366ff;\" href=\"https:\/\/physicsschool.um6p.ma\/?page_id=156\"><u>Formation d&#8217;Ing\u00e9nieur<\/u><\/a><\/span><\/h6>\n<h6 style=\"text-align: left; padding-left: 40px;\"><span style=\"color: #000080;\"><a style=\"color: #000080;\" href=\"https:\/\/physicsschool.um6p.ma\/?page_id=156\"><u>A propos<\/u><\/a><\/span><\/h6>\n<h6 style=\"text-align: left; padding-left: 40px;\"><a href=\"https:\/\/physicsschool.um6p.ma\/?page_id=6307\"><span style=\"color: #000080;\"><u>Cursus Ing\u00e9nieur<\/u><\/span><\/a><\/h6>\n<h6 style=\"text-align: left; padding-left: 40px;\"><span style=\"color: #3366ff;\"><a style=\"color: #3366ff;\" href=\"https:\/\/physicsschool.um6p.ma\/?page_id=6263\"><u>Voies d&#8217;admissions<\/u><\/a><\/span><\/h6>\n<h6 style=\"text-align: left; padding-left: 80px;\"><span style=\"color: #000080;\"><a style=\"color: #000080;\" href=\"https:\/\/physicsschool.um6p.ma\/?page_id=7056\"><u>Admissions CNC<\/u><\/a><\/span><\/h6>\n<h6 style=\"text-align: left; padding-left: 80px;\"><span style=\"color: #000080;\"><a style=\"color: #000080;\" href=\"https:\/\/physicsschool.um6p.ma\/?page_id=7060\"><u>Admissions Concours UM6P<\/u><\/a><\/span><\/h6>\n<h6 style=\"text-align: left; padding-left: 80px;\"><span style=\"color: #3366ff;\"><a style=\"color: #3366ff;\" href=\"https:\/\/physicsschool.um6p.ma\/?page_id=7351\"><u>Inscription\/Registration<\/u><\/a><\/span><\/h6>\n<h6 style=\"text-align: left; padding-left: 80px;\"><span style=\"color: #000080;\"><a style=\"color: #000080;\" href=\"https:\/\/physicsschool.um6p.ma\/?page_id=7305\"><u>Foire aux questions<\/u><\/a><\/span><\/h6>\n<h6 style=\"text-align: left; padding-left: 40px;\"><a href=\"https:\/\/physicsschool.um6p.ma\/?page_id=6269\"><span style=\"color: #000080;\"><u>Frais de Scolarit\u00e9<\/u><\/span><\/a><\/h6>\n<h6 style=\"text-align: left; padding-left: 40px;\"><a href=\"https:\/\/physicsschool.um6p.ma\/?page_id=6391\"><span style=\"color: #000080;\"><u>Bourses et Fellowships<\/u><\/span><\/a><\/h6>\n<h6 style=\"text-align: left; padding-left: 40px;\"><a href=\"https:\/\/physicsschool.um6p.ma\/?page_id=6329\"><span style=\"color: #000080;\"><u>Mobilit\u00e9s et stages<\/u><\/span><\/a><\/h6>\n<h6 style=\"text-align: left; padding-left: 40px;\"><a href=\"https:\/\/physicsschool.um6p.ma\/?page_id=6398\"><span style=\"color: #000080;\"><u>D\u00e9bouch\u00e9s et carri\u00e8res<\/u><\/span><\/a><\/h6>\n<h6 style=\"text-align: left; padding-left: 40px;\"><a href=\"https:\/\/physicsschool.um6p.ma\/?page_id=6402\"><span style=\"color: #000080;\"><u>Partenariats<\/u><\/span><\/a><\/h6>\n<h6 style=\"text-align: left; padding-left: 40px;\"><span style=\"text-decoration: underline;\"><a href=\"https:\/\/physicsschool.um6p.ma\/?page_id=7405\"><span style=\"color: #000080; text-decoration: underline;\">School Teaching Planning<\/span><\/a><\/span><\/h6>\n<h6 style=\"text-align: left;\"><a href=\"https:\/\/physicsschool.um6p.ma\/?page_id=174\"><span style=\"color: #000080;\"><u>Formation Doctorale<\/u><\/span><\/a><\/h6>\n<h6 style=\"text-align: left;\"><a href=\"https:\/\/physicsschool.um6p.ma\/?page_id=4884\"><span style=\"color: #000080;\"><u>Master executive<\/u><\/span><\/a><\/h6>\n<h6 style=\"text-align: left;\"><a href=\"https:\/\/physicsschool.um6p.ma\/?page_id=94\"><span style=\"color: #000080;\"><u>Communaut\u00e9<\/u><\/span><\/a><\/h6>\n<h6 style=\"text-align: left;\"><a href=\"https:\/\/um6p.ma\/fr\/vie-au-campus\"><span style=\"color: #000080;\"><u>Vie au Campus<\/u><\/span><\/a><\/h6>\n<p>[\/vc_column_text][\/vc_column][vc_column width=&#8221;3\/4&#8243;][vc_column_text]<strong>Admission au Cycle Ing\u00e9nieur en Ing\u00e9nierie Physique \u00e0 la School of Applied and Engineering Physics de l\u2019UM6P<\/strong><\/p>\n<p><strong>F\u00e9licitations aux candidats admis !<\/strong><\/p>\n<p>Vous avez \u00e9t\u00e9 admis en <strong>Premi\u00e8re Ann\u00e9e du Cycle Ing\u00e9nieur en Ing\u00e9nierie Physique<\/strong> \u00e0 la <strong>School of Applied and Engineering Physics \u2013 UM6P<\/strong>. Nous vous adressons nos f\u00e9licitations les plus chaleureuses.<\/p>\n<p><strong>Proc\u00e9dure d\u2019inscription<\/strong><\/p>\n<p>Merci de suivre les \u00e9tapes ci-dessous pour finaliser votre inscription :<\/p>\n<ol>\n<li><span style=\"text-decoration: underline;\"><strong> Dates d\u2019inscription<\/strong><\/span><\/li>\n<\/ol>\n<ul>\n<li><strong>Pour les \u00e9l\u00e8ves provenant du CNC 2025: Du 8 au 10 Septembre<\/strong><\/li>\n<\/ul>\n<ul>\n<li style=\"list-style-type: none;\">\n<ul>\n<li style=\"list-style-type: none;\">\n<ul>\n<li>Lundi 08 Septembre &#8211; De 9h \u00e0 18h<\/li>\n<li>Mardi 09 Septembre &#8211; De 9h \u00e0 18h<\/li>\n<li>Mercredi 10 Septembre &#8211; De 9h \u00e0 18h<\/li>\n<\/ul>\n<\/li>\n<\/ul>\n<\/li>\n<\/ul>\n<ul>\n<li><strong>Pour les \u00e9l\u00e8ves provenant du concours UM6P : Du 31 juillet au 5 ao\u00fbt 2025<\/strong>\n<ul>\n<li style=\"list-style-type: none;\">\n<ul>\n<li>Jeudi 31 Juillet &#8211; De 14h \u00e0 18h<\/li>\n<li>Vendredi 1 Ao\u00fbt &#8211; De 9h \u00e0 18h<\/li>\n<li>Samedi 2 Ao\u00fbt &#8211; De 9h \u00e0 13h<\/li>\n<li>Lundi 4 Ao\u00fbt &#8211; De 9h \u00e0 18h<\/li>\n<li>Mardi 5 Ao\u00fbt &#8211; De 9h \u00e0 18h<\/li>\n<\/ul>\n<\/li>\n<\/ul>\n<\/li>\n<\/ul>\n<ul>\n<li><strong>Lieu :<\/strong> UM6P \u2013 Benguerir<\/li>\n<li><strong>Documents \u00e0 fournir :<\/strong> Pi\u00e8ce d\u2019identit\u00e9 + formulaire de bourse + Original du bac + Attestation de r\u00e9ussite au CNC ou \u00e9quivalent<\/li>\n<\/ul>\n<ol start=\"2\">\n<li><span style=\"text-decoration: underline;\"><strong> Frais d\u2019inscription<\/strong><\/span><\/li>\n<\/ol>\n<ul>\n<li><strong>Montant :<\/strong> 5000 MAD<\/li>\n<li><strong>Mode de paiement :<\/strong> Virement ou versement bancaire<\/li>\n<li><strong>RIB :<\/strong> Les coordonn\u00e9es bancaires seront envoy\u00e9es par email.<\/li>\n<\/ul>\n<ol start=\"3\">\n<li><span style=\"text-decoration: underline;\"><strong> Demande de bourse<\/strong><\/span><\/li>\n<\/ol>\n<p>Si vous souhaitez b\u00e9n\u00e9ficier d&#8217;une bourse :<\/p>\n<ul>\n<li>T\u00e9l\u00e9chargez et compl\u00e9tez le <strong>formulaire de bourse<\/strong><\/li>\n<li>D\u00e9posez \u00e9galement votre demande via votre <strong>espace candidat Eudonet<\/strong><\/li>\n<li>Remettez le <strong>formulaire papier d\u00fbment sign\u00e9<\/strong> le jour de votre inscription<\/li>\n<\/ul>\n<p><a href=\"https:\/\/physicsschool.um6p.ma\/wp-content\/uploads\/2025\/07\/FIRSI_Guide-de-candidature-bourse-FIRSI-2025-2026.pdf\"><span style=\"text-decoration: underline; color: #ff6600;\"><strong>Guide Candidature Eudonet (Cliquez ici)<\/strong><\/span><\/a><br \/>\n<a href=\"https:\/\/physicsschool.um6p.ma\/wp-content\/uploads\/2025\/07\/Formulaire-demande-de-bourse-FIRSI-2025-2026.pdf\"><span style=\"text-decoration: underline; color: #ff6600;\"><strong>T\u00e9l\u00e9charger le formulaire de bourse (Cliquez ici)<\/strong><\/span><\/a><\/p>\n<p><strong>Besoin d\u2019aide ?<br \/>\n<\/strong>Pour toute assistance concernant le logement, les aides financi\u00e8res, l&#8217;orientation ou d&#8217;autres questions logistiques, veuillez contacter notre bureau administratif \u00e0 l&#8217;adresse suivante : <strong>bureau_0@um6p.onmicrosoft.com\u00a0: Administration de l&#8217;\u00c9cole de Physique<\/strong>.<\/p>\n<p><strong>Contact :<\/strong> <span style=\"color: #3366ff;\"><a style=\"color: #3366ff;\" href=\"mailto:physicsschool@um6p.ma\">physicsschool@um6p.ma<\/a><\/span>[\/vc_column_text][\/vc_column][\/vc_row]<\/p>\n","protected":false},"excerpt":{"rendered":"<p>[vc_row][vc_column width=&#8221;1\/4&#8243;][vc_column_text] Formations Formation d&#8217;Ing\u00e9nieur A propos Cursus Ing\u00e9nieur Voies d&#8217;admissions Admissions CNC Admissions Concours UM6P Inscription\/Registration Foire aux questions Frais de Scolarit\u00e9 Bourses et Fellowships Mobilit\u00e9s et stages D\u00e9bouch\u00e9s et carri\u00e8res Partenariats School Teaching Planning Formation Doctorale Master executive Communaut\u00e9 Vie au Campus [\/vc_column_text][\/vc_column][vc_column width=&#8221;3\/4&#8243;][vc_column_text]Admission au Cycle Ing\u00e9nieur en Ing\u00e9nierie Physique \u00e0 la School [&hellip;]<\/p>\n","protected":false},"author":3,"featured_media":0,"parent":0,"menu_order":0,"comment_status":"closed","ping_status":"closed","template":"","meta":{"_monsterinsights_skip_tracking":false,"_monsterinsights_sitenote_active":false,"_monsterinsights_sitenote_note":"","_monsterinsights_sitenote_category":0,"cybocfi_hide_featured_image":"","footnotes":""},"class_list":["post-7351","page","type-page","status-publish","hentry"],"aioseo_notices":[],"_links":{"self":[{"href":"https:\/\/physicsschool.um6p.ma\/index.php?rest_route=\/wp\/v2\/pages\/7351","targetHints":{"allow":["GET"]}}],"collection":[{"href":"https:\/\/physicsschool.um6p.ma\/index.php?rest_route=\/wp\/v2\/pages"}],"about":[{"href":"https:\/\/physicsschool.um6p.ma\/index.php?rest_route=\/wp\/v2\/types\/page"}],"author":[{"embeddable":true,"href":"https:\/\/physicsschool.um6p.ma\/index.php?rest_route=\/wp\/v2\/users\/3"}],"replies":[{"embeddable":true,"href":"https:\/\/physicsschool.um6p.ma\/index.php?rest_route=%2Fwp%2Fv2%2Fcomments&post=7351"}],"version-history":[{"count":28,"href":"https:\/\/physicsschool.um6p.ma\/index.php?rest_route=\/wp\/v2\/pages\/7351\/revisions"}],"predecessor-version":[{"id":7553,"href":"https:\/\/physicsschool.um6p.ma\/index.php?rest_route=\/wp\/v2\/pages\/7351\/revisions\/7553"}],"wp:attachment":[{"href":"https:\/\/physicsschool.um6p.ma\/index.php?rest_route=%2Fwp%2Fv2%2Fmedia&parent=7351"}],"curies":[{"name":"wp","href":"https:\/\/api.w.org\/{rel}","templated":true}]}}